{"id":261022,"date":"2019-04-12T05:05:27","date_gmt":"2019-04-12T03:05:27","guid":{"rendered":"https:\/\/shop.larus.ch\/product\/finitions-profiles-7\/"},"modified":"2026-04-19T03:00:42","modified_gmt":"2026-04-19T01:00:42","slug":"finitions-profiles-7","status":"publish","type":"product","link":"https:\/\/shop.larus.ch\/fr\/product\/finitions-profiles-7\/","title":{"rendered":"Finitions profil\u00e9es 7"},"content":{"rendered":"<p>Finitions profil\u00e9es en alu 7 pces. \u00e0 2 m <br \/>incl. vis<\/p>\n","protected":false},"excerpt":{"rendered":"<p>Finitions profil\u00e9es en alu 7 pces. \u00e0 2 m <br \/>incl. vis<\/p>\n","protected":false},"featured_media":324298,"template":"","meta":[],"product_cat":[59491],"product_tag":[],"_links":{"self":[{"href":"https:\/\/shop.larus.ch\/fr\/wp-json\/wp\/v2\/product\/261022"}],"collection":[{"href":"https:\/\/shop.larus.ch\/fr\/wp-json\/wp\/v2\/product"}],"about":[{"href":"https:\/\/shop.larus.ch\/fr\/wp-json\/wp\/v2\/types\/product"}],"wp:featuredmedia":[{"embeddable":true,"href":"https:\/\/shop.larus.ch\/fr\/wp-json\/wp\/v2\/media\/324298"}],"wp:attachment":[{"href":"https:\/\/shop.larus.ch\/fr\/wp-json\/wp\/v2\/media?parent=261022"}],"wp:term":[{"taxonomy":"product_cat","embeddable":true,"href":"https:\/\/shop.larus.ch\/fr\/wp-json\/wp\/v2\/product_cat?post=261022"},{"taxonomy":"product_tag","embeddable":true,"href":"https:\/\/shop.larus.ch\/fr\/wp-json\/wp\/v2\/product_tag?post=261022"}],"curies":[{"name":"wp","href":"https:\/\/api.w.org\/{rel}","templated":true}]}}