{"id":261018,"date":"2019-04-12T05:05:26","date_gmt":"2019-04-12T03:05:26","guid":{"rendered":"https:\/\/shop.larus.ch\/product\/carport-nrburgring-annex\/"},"modified":"2026-04-16T03:10:23","modified_gmt":"2026-04-16T01:10:23","slug":"carport-nrburgring-annex","status":"publish","type":"product","link":"https:\/\/shop.larus.ch\/fr\/product\/carport-nrburgring-annex\/","title":{"rendered":"Carport Neunkirch annex\u00e9"},"content":{"rendered":"<p>Toit plat-simple-carport Neunkirch annex\u00e9 impr. verd\u00e2tre<br \/>2 poteaux 12x12cm, solives jumel\u00e9es et chevrons 6x12cm, incl. ancre \u00e0 beton H et kit de montage, \u00e9l\u00e9ments d\u2018avant-toit sur 3 c\u00f4t\u00e9s, h de passage 234 cm, recouvrement avec profil\u00e9s en trap\u00e8ze<\/p>\n","protected":false},"excerpt":{"rendered":"<p>Toit plat-simple-carport Neunkirch annex\u00e9 impr. verd\u00e2tre<br \/>2 poteaux 12x12cm, solives jumel\u00e9es et chevrons 6x12cm, incl. ancre \u00e0 beton H et kit de montage, \u00e9l\u00e9ments d\u2018avant-toit sur 3 c\u00f4t\u00e9s, h de passage 234 cm, recouvrement avec profil\u00e9s en trap\u00e8ze<\/p>\n","protected":false},"featured_media":324726,"template":"","meta":[],"product_cat":[60136],"product_tag":[],"_links":{"self":[{"href":"https:\/\/shop.larus.ch\/fr\/wp-json\/wp\/v2\/product\/261018"}],"collection":[{"href":"https:\/\/shop.larus.ch\/fr\/wp-json\/wp\/v2\/product"}],"about":[{"href":"https:\/\/shop.larus.ch\/fr\/wp-json\/wp\/v2\/types\/product"}],"wp:featuredmedia":[{"embeddable":true,"href":"https:\/\/shop.larus.ch\/fr\/wp-json\/wp\/v2\/media\/324726"}],"wp:attachment":[{"href":"https:\/\/shop.larus.ch\/fr\/wp-json\/wp\/v2\/media?parent=261018"}],"wp:term":[{"taxonomy":"product_cat","embeddable":true,"href":"https:\/\/shop.larus.ch\/fr\/wp-json\/wp\/v2\/product_cat?post=261018"},{"taxonomy":"product_tag","embeddable":true,"href":"https:\/\/shop.larus.ch\/fr\/wp-json\/wp\/v2\/product_tag?post=261018"}],"curies":[{"name":"wp","href":"https:\/\/api.w.org\/{rel}","templated":true}]}}