{"id":261008,"date":"2019-04-12T05:04:58","date_gmt":"2019-04-12T03:04:58","guid":{"rendered":"https:\/\/shop.larus.ch\/product\/garage-2\/"},"modified":"2026-04-19T03:16:50","modified_gmt":"2026-04-19T01:16:50","slug":"garage-2","status":"publish","type":"product","link":"https:\/\/shop.larus.ch\/fr\/product\/garage-2\/","title":{"rendered":"Garage"},"content":{"rendered":"<p>Garage<br \/>\u00e9pic\u00e9a massif nordique, non trait\u00e9, planches de toit 19 mm, portes 73 x 183 cm, fen\u00eatres 43 x 70 cm, porte en bois 225 x 188 cm, sans carton bitum\u00e9<\/p>\n","protected":false},"excerpt":{"rendered":"<p>Garage<br \/>\u00e9pic\u00e9a massif nordique, non trait\u00e9, planches de toit 19 mm, portes 73 x 183 cm, fen\u00eatres 43 x 70 cm, porte en bois 225 x 188 cm, sans carton bitum\u00e9<\/p>\n","protected":false},"featured_media":326004,"template":"","meta":[],"product_cat":[60134],"product_tag":[],"_links":{"self":[{"href":"https:\/\/shop.larus.ch\/fr\/wp-json\/wp\/v2\/product\/261008"}],"collection":[{"href":"https:\/\/shop.larus.ch\/fr\/wp-json\/wp\/v2\/product"}],"about":[{"href":"https:\/\/shop.larus.ch\/fr\/wp-json\/wp\/v2\/types\/product"}],"wp:featuredmedia":[{"embeddable":true,"href":"https:\/\/shop.larus.ch\/fr\/wp-json\/wp\/v2\/media\/326004"}],"wp:attachment":[{"href":"https:\/\/shop.larus.ch\/fr\/wp-json\/wp\/v2\/media?parent=261008"}],"wp:term":[{"taxonomy":"product_cat","embeddable":true,"href":"https:\/\/shop.larus.ch\/fr\/wp-json\/wp\/v2\/product_cat?post=261008"},{"taxonomy":"product_tag","embeddable":true,"href":"https:\/\/shop.larus.ch\/fr\/wp-json\/wp\/v2\/product_tag?post=261008"}],"curies":[{"name":"wp","href":"https:\/\/api.w.org\/{rel}","templated":true}]}}