{"id":260994,"date":"2019-04-12T05:04:46","date_gmt":"2019-04-12T03:04:46","guid":{"rendered":"https:\/\/shop.larus.ch\/product\/placard-kim\/"},"modified":"2026-04-19T03:00:07","modified_gmt":"2026-04-19T01:00:07","slug":"placard-kim","status":"publish","type":"product","link":"https:\/\/shop.larus.ch\/fr\/product\/placard-kim\/","title":{"rendered":"Placard Kim"},"content":{"rendered":"<p>Placard Kim<br \/>\u00e9pic\u00e9a non trait\u00e9, planches 16 mm, \u00e9l\u00e9ments parois pr\u00e9fabriqu\u00e9s, portes doubles 103 x 166 cm, planches de fond et toit 16 mm, sans paroi arri\u00e8re, sans carton bitum\u00e9<\/p>\n","protected":false},"excerpt":{"rendered":"<p>Placard Kim<br \/>\u00e9pic\u00e9a non trait\u00e9, planches 16 mm, \u00e9l\u00e9ments parois pr\u00e9fabriqu\u00e9s, portes doubles 103 x 166 cm, planches de fond et toit 16 mm, sans paroi arri\u00e8re, sans carton bitum\u00e9<\/p>\n","protected":false},"featured_media":324152,"template":"","meta":[],"product_cat":[59475],"product_tag":[],"_links":{"self":[{"href":"https:\/\/shop.larus.ch\/fr\/wp-json\/wp\/v2\/product\/260994"}],"collection":[{"href":"https:\/\/shop.larus.ch\/fr\/wp-json\/wp\/v2\/product"}],"about":[{"href":"https:\/\/shop.larus.ch\/fr\/wp-json\/wp\/v2\/types\/product"}],"wp:featuredmedia":[{"embeddable":true,"href":"https:\/\/shop.larus.ch\/fr\/wp-json\/wp\/v2\/media\/324152"}],"wp:attachment":[{"href":"https:\/\/shop.larus.ch\/fr\/wp-json\/wp\/v2\/media?parent=260994"}],"wp:term":[{"taxonomy":"product_cat","embeddable":true,"href":"https:\/\/shop.larus.ch\/fr\/wp-json\/wp\/v2\/product_cat?post=260994"},{"taxonomy":"product_tag","embeddable":true,"href":"https:\/\/shop.larus.ch\/fr\/wp-json\/wp\/v2\/product_tag?post=260994"}],"curies":[{"name":"wp","href":"https:\/\/api.w.org\/{rel}","templated":true}]}}