{"id":260982,"date":"2019-04-12T05:04:37","date_gmt":"2019-04-12T03:04:37","guid":{"rendered":"https:\/\/shop.larus.ch\/product\/maison-en-bloc-de-madriers-gabi\/"},"modified":"2026-04-19T03:01:20","modified_gmt":"2026-04-19T01:01:20","slug":"maison-en-bloc-de-madriers-gabi","status":"publish","type":"product","link":"https:\/\/shop.larus.ch\/fr\/product\/maison-en-bloc-de-madriers-gabi\/","title":{"rendered":"Maison en bloc de madriers Gabi"},"content":{"rendered":"<p>Maison en bloc de madriers Gabi<br \/>\u00e9pic\u00e9a massif nordique, madriers 44 mm, non trait\u00e9, planches de fond et toit 19 mm, fen\u00eatre 60 x 111 cm, portes 151 x 175 cm, sans carton bitum\u00e9<\/p>\n","protected":false},"excerpt":{"rendered":"<p>Maison en bloc de madriers Gabi<br \/>\u00e9pic\u00e9a massif nordique, madriers 44 mm, non trait\u00e9, planches de fond et toit 19 mm, fen\u00eatre 60 x 111 cm, portes 151 x 175 cm, sans carton bitum\u00e9<\/p>\n","protected":false},"featured_media":326572,"template":"","meta":[],"product_cat":[59471],"product_tag":[],"_links":{"self":[{"href":"https:\/\/shop.larus.ch\/fr\/wp-json\/wp\/v2\/product\/260982"}],"collection":[{"href":"https:\/\/shop.larus.ch\/fr\/wp-json\/wp\/v2\/product"}],"about":[{"href":"https:\/\/shop.larus.ch\/fr\/wp-json\/wp\/v2\/types\/product"}],"wp:featuredmedia":[{"embeddable":true,"href":"https:\/\/shop.larus.ch\/fr\/wp-json\/wp\/v2\/media\/326572"}],"wp:attachment":[{"href":"https:\/\/shop.larus.ch\/fr\/wp-json\/wp\/v2\/media?parent=260982"}],"wp:term":[{"taxonomy":"product_cat","embeddable":true,"href":"https:\/\/shop.larus.ch\/fr\/wp-json\/wp\/v2\/product_cat?post=260982"},{"taxonomy":"product_tag","embeddable":true,"href":"https:\/\/shop.larus.ch\/fr\/wp-json\/wp\/v2\/product_tag?post=260982"}],"curies":[{"name":"wp","href":"https:\/\/api.w.org\/{rel}","templated":true}]}}