{"id":260958,"date":"2019-04-12T05:04:17","date_gmt":"2019-04-12T03:04:17","guid":{"rendered":"https:\/\/shop.larus.ch\/product\/maison-en-bloc-de-madriers-leila-2\/"},"modified":"2026-04-19T03:05:10","modified_gmt":"2026-04-19T01:05:10","slug":"maison-en-bloc-de-madriers-leila-2","status":"publish","type":"product","link":"https:\/\/shop.larus.ch\/fr\/product\/maison-en-bloc-de-madriers-leila-2\/","title":{"rendered":"Maison en bloc de madriers Leila 3"},"content":{"rendered":"<p>Maison en bloc de madriers Leila 3<br \/>\u00e9pic\u00e9a massif nordique, non trait\u00e9, madriers 44 mm, planches de toit 19 mm, avec fond, portes 151 x 186 cm, sans carton bitum\u00e9<\/p>\n","protected":false},"excerpt":{"rendered":"<p>Maison en bloc de madriers Leila 3<br \/>\u00e9pic\u00e9a massif nordique, non trait\u00e9, madriers 44 mm, planches de toit 19 mm, avec fond, portes 151 x 186 cm, sans carton bitum\u00e9<\/p>\n","protected":false},"featured_media":326618,"template":"","meta":[],"product_cat":[59469],"product_tag":[],"_links":{"self":[{"href":"https:\/\/shop.larus.ch\/fr\/wp-json\/wp\/v2\/product\/260958"}],"collection":[{"href":"https:\/\/shop.larus.ch\/fr\/wp-json\/wp\/v2\/product"}],"about":[{"href":"https:\/\/shop.larus.ch\/fr\/wp-json\/wp\/v2\/types\/product"}],"wp:featuredmedia":[{"embeddable":true,"href":"https:\/\/shop.larus.ch\/fr\/wp-json\/wp\/v2\/media\/326618"}],"wp:attachment":[{"href":"https:\/\/shop.larus.ch\/fr\/wp-json\/wp\/v2\/media?parent=260958"}],"wp:term":[{"taxonomy":"product_cat","embeddable":true,"href":"https:\/\/shop.larus.ch\/fr\/wp-json\/wp\/v2\/product_cat?post=260958"},{"taxonomy":"product_tag","embeddable":true,"href":"https:\/\/shop.larus.ch\/fr\/wp-json\/wp\/v2\/product_tag?post=260958"}],"curies":[{"name":"wp","href":"https:\/\/api.w.org\/{rel}","templated":true}]}}