{"id":260952,"date":"2019-04-12T05:04:15","date_gmt":"2019-04-12T03:04:15","guid":{"rendered":"https:\/\/shop.larus.ch\/product\/maison-en-bloc-de-madriers-leila-1\/"},"modified":"2026-04-19T03:00:09","modified_gmt":"2026-04-19T01:00:09","slug":"maison-en-bloc-de-madriers-leila-1-2","status":"publish","type":"product","link":"https:\/\/shop.larus.ch\/fr\/product\/maison-en-bloc-de-madriers-leila-1-2\/","title":{"rendered":"Maison en bloc de madriers Leila 1"},"content":{"rendered":"<p>Maison en bloc de madriers Leila 1<br \/>\u00e9pic\u00e9a massif nordique, non trait\u00e9, madriers 34 mm, planches de toit 16 mm, sans fond, portes 151 x 175 cm, sans carton bitum\u00e9<\/p>\n","protected":false},"excerpt":{"rendered":"<p>Maison en bloc de madriers Leila 1<br \/>\u00e9pic\u00e9a massif nordique, non trait\u00e9, madriers 34 mm, planches de toit 16 mm, sans fond, portes 151 x 175 cm, sans carton bitum\u00e9<\/p>\n","protected":false},"featured_media":324164,"template":"","meta":[],"product_cat":[59469],"product_tag":[],"_links":{"self":[{"href":"https:\/\/shop.larus.ch\/fr\/wp-json\/wp\/v2\/product\/260952"}],"collection":[{"href":"https:\/\/shop.larus.ch\/fr\/wp-json\/wp\/v2\/product"}],"about":[{"href":"https:\/\/shop.larus.ch\/fr\/wp-json\/wp\/v2\/types\/product"}],"wp:featuredmedia":[{"embeddable":true,"href":"https:\/\/shop.larus.ch\/fr\/wp-json\/wp\/v2\/media\/324164"}],"wp:attachment":[{"href":"https:\/\/shop.larus.ch\/fr\/wp-json\/wp\/v2\/media?parent=260952"}],"wp:term":[{"taxonomy":"product_cat","embeddable":true,"href":"https:\/\/shop.larus.ch\/fr\/wp-json\/wp\/v2\/product_cat?post=260952"},{"taxonomy":"product_tag","embeddable":true,"href":"https:\/\/shop.larus.ch\/fr\/wp-json\/wp\/v2\/product_tag?post=260952"}],"curies":[{"name":"wp","href":"https:\/\/api.w.org\/{rel}","templated":true}]}}