{"id":260900,"date":"2019-04-12T05:02:37","date_gmt":"2019-04-12T03:02:37","guid":{"rendered":"https:\/\/shop.larus.ch\/product\/bac-potager-avec-arrosage-automatique\/"},"modified":"2026-04-16T03:06:46","modified_gmt":"2026-04-16T01:06:46","slug":"bac-potager-avec-arrosage-automatique","status":"publish","type":"product","link":"https:\/\/shop.larus.ch\/fr\/product\/bac-potager-avec-arrosage-automatique\/","title":{"rendered":"Bac potager avec arrosage automatique"},"content":{"rendered":"<p>Bac potager avec arrosage automatique <br \/>kit de montage, planches 13\/2.0cm, nature, avec 2 inserts en pvc, incl. supports et vis, contr\u00f4l solaire, convient pour utilisage \u00e0 int\u00e9rieur et ext\u00e9rieur<\/p>\n","protected":false},"excerpt":{"rendered":"<p>Bac potager avec arrosage automatique <br \/>kit de montage, planches 13\/2.0cm, nature, avec 2 inserts en pvc, incl. supports et vis, contr\u00f4l solaire, convient pour utilisage \u00e0 int\u00e9rieur et ext\u00e9rieur<\/p>\n","protected":false},"featured_media":324584,"template":"","meta":[],"product_cat":[59429],"product_tag":[],"_links":{"self":[{"href":"https:\/\/shop.larus.ch\/fr\/wp-json\/wp\/v2\/product\/260900"}],"collection":[{"href":"https:\/\/shop.larus.ch\/fr\/wp-json\/wp\/v2\/product"}],"about":[{"href":"https:\/\/shop.larus.ch\/fr\/wp-json\/wp\/v2\/types\/product"}],"wp:featuredmedia":[{"embeddable":true,"href":"https:\/\/shop.larus.ch\/fr\/wp-json\/wp\/v2\/media\/324584"}],"wp:attachment":[{"href":"https:\/\/shop.larus.ch\/fr\/wp-json\/wp\/v2\/media?parent=260900"}],"wp:term":[{"taxonomy":"product_cat","embeddable":true,"href":"https:\/\/shop.larus.ch\/fr\/wp-json\/wp\/v2\/product_cat?post=260900"},{"taxonomy":"product_tag","embeddable":true,"href":"https:\/\/shop.larus.ch\/fr\/wp-json\/wp\/v2\/product_tag?post=260900"}],"curies":[{"name":"wp","href":"https:\/\/api.w.org\/{rel}","templated":true}]}}