{"id":260892,"date":"2019-04-12T05:01:04","date_gmt":"2019-04-12T03:01:04","guid":{"rendered":"https:\/\/shop.larus.ch\/product\/ancrages-au-sol\/"},"modified":"2026-04-19T03:16:47","modified_gmt":"2026-04-19T01:16:47","slug":"ancrages-au-sol","status":"publish","type":"product","link":"https:\/\/shop.larus.ch\/fr\/product\/ancrages-au-sol\/","title":{"rendered":"Ancrages au sol"},"content":{"rendered":"<p>Ancrages au sol<br \/>galvanis\u00e9 \u00e0 chaud, pour b\u00e9tonner,<br \/>trous \u00d8 14 mm<\/p>\n","protected":false},"excerpt":{"rendered":"<p>Ancrages au sol<br \/>galvanis\u00e9 \u00e0 chaud, pour b\u00e9tonner,<br \/>trous \u00d8 14 mm<\/p>\n","protected":false},"featured_media":323875,"template":"","meta":[],"product_cat":[59407],"product_tag":[],"_links":{"self":[{"href":"https:\/\/shop.larus.ch\/fr\/wp-json\/wp\/v2\/product\/260892"}],"collection":[{"href":"https:\/\/shop.larus.ch\/fr\/wp-json\/wp\/v2\/product"}],"about":[{"href":"https:\/\/shop.larus.ch\/fr\/wp-json\/wp\/v2\/types\/product"}],"wp:featuredmedia":[{"embeddable":true,"href":"https:\/\/shop.larus.ch\/fr\/wp-json\/wp\/v2\/media\/323875"}],"wp:attachment":[{"href":"https:\/\/shop.larus.ch\/fr\/wp-json\/wp\/v2\/media?parent=260892"}],"wp:term":[{"taxonomy":"product_cat","embeddable":true,"href":"https:\/\/shop.larus.ch\/fr\/wp-json\/wp\/v2\/product_cat?post=260892"},{"taxonomy":"product_tag","embeddable":true,"href":"https:\/\/shop.larus.ch\/fr\/wp-json\/wp\/v2\/product_tag?post=260892"}],"curies":[{"name":"wp","href":"https:\/\/api.w.org\/{rel}","templated":true}]}}