{"id":260888,"date":"2019-04-12T05:01:03","date_gmt":"2019-04-12T03:01:03","guid":{"rendered":"https:\/\/shop.larus.ch\/product\/poutre-pour-balanoire-en-mtal\/"},"modified":"2026-04-16T03:20:31","modified_gmt":"2026-04-16T01:20:31","slug":"poutre-pour-balanoire-en-mtal","status":"publish","type":"product","link":"https:\/\/shop.larus.ch\/fr\/product\/poutre-pour-balanoire-en-mtal\/","title":{"rendered":"Poutre pour balan\u00e7oire en m\u00e9tal"},"content":{"rendered":"<p>Poutre pour balan\u00e7oire en m\u00e9tal,<br \/>acier carr\u00e9, galvanis\u00e9, compatible avec des poteaux carr\u00e9s 90-125mm, crochets mont\u00e9s, pour usage priv\u00e9 et public,<\/p>\n","protected":false},"excerpt":{"rendered":"<p>Poutre pour balan\u00e7oire en m\u00e9tal,<br \/>acier carr\u00e9, galvanis\u00e9, compatible avec des poteaux carr\u00e9s 90-125mm, crochets mont\u00e9s, pour usage priv\u00e9 et public,<\/p>\n","protected":false},"featured_media":325656,"template":"","meta":[],"product_cat":[59407],"product_tag":[],"_links":{"self":[{"href":"https:\/\/shop.larus.ch\/fr\/wp-json\/wp\/v2\/product\/260888"}],"collection":[{"href":"https:\/\/shop.larus.ch\/fr\/wp-json\/wp\/v2\/product"}],"about":[{"href":"https:\/\/shop.larus.ch\/fr\/wp-json\/wp\/v2\/types\/product"}],"wp:featuredmedia":[{"embeddable":true,"href":"https:\/\/shop.larus.ch\/fr\/wp-json\/wp\/v2\/media\/325656"}],"wp:attachment":[{"href":"https:\/\/shop.larus.ch\/fr\/wp-json\/wp\/v2\/media?parent=260888"}],"wp:term":[{"taxonomy":"product_cat","embeddable":true,"href":"https:\/\/shop.larus.ch\/fr\/wp-json\/wp\/v2\/product_cat?post=260888"},{"taxonomy":"product_tag","embeddable":true,"href":"https:\/\/shop.larus.ch\/fr\/wp-json\/wp\/v2\/product_tag?post=260888"}],"curies":[{"name":"wp","href":"https:\/\/api.w.org\/{rel}","templated":true}]}}