{"id":260878,"date":"2019-04-12T04:52:28","date_gmt":"2019-04-12T02:52:28","guid":{"rendered":"https:\/\/shop.larus.ch\/product\/maison-au-jeu-miriam\/"},"modified":"2026-04-19T03:00:12","modified_gmt":"2026-04-19T01:00:12","slug":"maison-au-jeu-miriam","status":"publish","type":"product","link":"https:\/\/shop.larus.ch\/fr\/product\/maison-au-jeu-miriam\/","title":{"rendered":"Maison au jeu Miriam"},"content":{"rendered":"<p>Maison au jeu Miriam<br \/>avec deux \u00e9tages, \u00e9l\u00e9ments pr\u00e9fabriqu\u00e9s 16 mm, naturel, porte 51 x 115 cm, fen\u00eatres 35 x 35 cm, sans carton bitum\u00e9<\/p>\n","protected":false},"excerpt":{"rendered":"<p>Maison au jeu Miriam<br \/>avec deux \u00e9tages, \u00e9l\u00e9ments pr\u00e9fabriqu\u00e9s 16 mm, naturel, porte 51 x 115 cm, fen\u00eatres 35 x 35 cm, sans carton bitum\u00e9<\/p>\n","protected":false},"featured_media":324174,"template":"","meta":[],"product_cat":[59397],"product_tag":[],"_links":{"self":[{"href":"https:\/\/shop.larus.ch\/fr\/wp-json\/wp\/v2\/product\/260878"}],"collection":[{"href":"https:\/\/shop.larus.ch\/fr\/wp-json\/wp\/v2\/product"}],"about":[{"href":"https:\/\/shop.larus.ch\/fr\/wp-json\/wp\/v2\/types\/product"}],"wp:featuredmedia":[{"embeddable":true,"href":"https:\/\/shop.larus.ch\/fr\/wp-json\/wp\/v2\/media\/324174"}],"wp:attachment":[{"href":"https:\/\/shop.larus.ch\/fr\/wp-json\/wp\/v2\/media?parent=260878"}],"wp:term":[{"taxonomy":"product_cat","embeddable":true,"href":"https:\/\/shop.larus.ch\/fr\/wp-json\/wp\/v2\/product_cat?post=260878"},{"taxonomy":"product_tag","embeddable":true,"href":"https:\/\/shop.larus.ch\/fr\/wp-json\/wp\/v2\/product_tag?post=260878"}],"curies":[{"name":"wp","href":"https:\/\/api.w.org\/{rel}","templated":true}]}}