{"id":257065,"date":"2019-03-27T04:30:37","date_gmt":"2019-03-27T03:30:37","guid":{"rendered":"https:\/\/shop.larus.ch\/product\/poteaux-clt-double-fils-anthracite\/"},"modified":"2026-04-16T03:05:46","modified_gmt":"2026-04-16T01:05:46","slug":"poteaux-clt-double-fils-anthracite-7","status":"publish","type":"product","link":"https:\/\/shop.larus.ch\/fr\/product\/poteaux-clt-double-fils-anthracite-7\/","title":{"rendered":"Poteaux cl\u00f4t. double fils anthracite"},"content":{"rendered":"<p>Poteaux en acier pour grilles de cl\u00f4ture \u00e0 double fils <br \/>avec liste de finiton et chapeau pour montant, tube en profil\u00e9 rectangulaire 60\/40\/2 mm <br \/>RAL 6005 anthracite<br \/>pour natte h 183 cm<\/p>\n","protected":false},"excerpt":{"rendered":"<p>Poteaux en acier pour grilles de cl\u00f4ture \u00e0 double fils <br \/>avec liste de finiton et chapeau pour montant, tube en profil\u00e9 rectangulaire 60\/40\/2 mm <br \/>RAL 6005 anthracite<br \/>pour natte h 183 cm<\/p>\n","protected":false},"featured_media":324318,"template":"","meta":[],"product_cat":[59259],"product_tag":[],"_links":{"self":[{"href":"https:\/\/shop.larus.ch\/fr\/wp-json\/wp\/v2\/product\/257065"}],"collection":[{"href":"https:\/\/shop.larus.ch\/fr\/wp-json\/wp\/v2\/product"}],"about":[{"href":"https:\/\/shop.larus.ch\/fr\/wp-json\/wp\/v2\/types\/product"}],"wp:featuredmedia":[{"embeddable":true,"href":"https:\/\/shop.larus.ch\/fr\/wp-json\/wp\/v2\/media\/324318"}],"wp:attachment":[{"href":"https:\/\/shop.larus.ch\/fr\/wp-json\/wp\/v2\/media?parent=257065"}],"wp:term":[{"taxonomy":"product_cat","embeddable":true,"href":"https:\/\/shop.larus.ch\/fr\/wp-json\/wp\/v2\/product_cat?post=257065"},{"taxonomy":"product_tag","embeddable":true,"href":"https:\/\/shop.larus.ch\/fr\/wp-json\/wp\/v2\/product_tag?post=257065"}],"curies":[{"name":"wp","href":"https:\/\/api.w.org\/{rel}","templated":true}]}}