{"id":257025,"date":"2019-03-27T04:30:22","date_gmt":"2019-03-27T03:30:22","guid":{"rendered":"https:\/\/shop.larus.ch\/product\/poteaux-clt-double-fils\/"},"modified":"2026-04-16T03:11:19","modified_gmt":"2026-04-16T01:11:19","slug":"poteaux-clt-double-fils-11","status":"publish","type":"product","link":"https:\/\/shop.larus.ch\/fr\/product\/poteaux-clt-double-fils-11\/","title":{"rendered":"Poteaux cl\u00f4t. \u00e0 double fils"},"content":{"rendered":"<p>Poteaux en acier pour grilles de cl\u00f4ture \u00e0 double fils <br \/>avec liste de finiton et chapeau pour montant, tube en profil\u00e9 rectangulaire 60\/40\/2 mm <br \/>galvanis\u00e9 \u00e0 chaud<br \/>pour natte h 123 cm<\/p>\n","protected":false},"excerpt":{"rendered":"<p>Poteaux en acier pour grilles de cl\u00f4ture \u00e0 double fils <br \/>avec liste de finiton et chapeau pour montant, tube en profil\u00e9 rectangulaire 60\/40\/2 mm <br \/>galvanis\u00e9 \u00e0 chaud<br \/>pour natte h 123 cm<\/p>\n","protected":false},"featured_media":324948,"template":"","meta":[],"product_cat":[59259],"product_tag":[],"_links":{"self":[{"href":"https:\/\/shop.larus.ch\/fr\/wp-json\/wp\/v2\/product\/257025"}],"collection":[{"href":"https:\/\/shop.larus.ch\/fr\/wp-json\/wp\/v2\/product"}],"about":[{"href":"https:\/\/shop.larus.ch\/fr\/wp-json\/wp\/v2\/types\/product"}],"wp:featuredmedia":[{"embeddable":true,"href":"https:\/\/shop.larus.ch\/fr\/wp-json\/wp\/v2\/media\/324948"}],"wp:attachment":[{"href":"https:\/\/shop.larus.ch\/fr\/wp-json\/wp\/v2\/media?parent=257025"}],"wp:term":[{"taxonomy":"product_cat","embeddable":true,"href":"https:\/\/shop.larus.ch\/fr\/wp-json\/wp\/v2\/product_cat?post=257025"},{"taxonomy":"product_tag","embeddable":true,"href":"https:\/\/shop.larus.ch\/fr\/wp-json\/wp\/v2\/product_tag?post=257025"}],"curies":[{"name":"wp","href":"https:\/\/api.w.org\/{rel}","templated":true}]}}