{"id":256926,"date":"2019-03-27T04:19:20","date_gmt":"2019-03-27T03:19:20","guid":{"rendered":"https:\/\/shop.larus.ch\/product\/ancre-broche-pour-montants\/"},"modified":"2026-04-16T03:21:30","modified_gmt":"2026-04-16T01:21:30","slug":"ancre-broche-pour-montants","status":"publish","type":"product","link":"https:\/\/shop.larus.ch\/fr\/product\/ancre-broche-pour-montants\/","title":{"rendered":"Ancre broche pour montants"},"content":{"rendered":"<p>Ancre broche pour montants<br \/>galvanis\u00e9 \u00e0 chaud, pour montant renforc\u00e9, pour b\u00e9tonner en \u00e9videment<\/p>\n","protected":false},"excerpt":{"rendered":"<p>Ancre broche pour montants<br \/>galvanis\u00e9 \u00e0 chaud, pour montant renforc\u00e9, pour b\u00e9tonner en \u00e9videment<\/p>\n","protected":false},"featured_media":323801,"template":"","meta":[],"product_cat":[60019],"product_tag":[],"_links":{"self":[{"href":"https:\/\/shop.larus.ch\/fr\/wp-json\/wp\/v2\/product\/256926"}],"collection":[{"href":"https:\/\/shop.larus.ch\/fr\/wp-json\/wp\/v2\/product"}],"about":[{"href":"https:\/\/shop.larus.ch\/fr\/wp-json\/wp\/v2\/types\/product"}],"wp:featuredmedia":[{"embeddable":true,"href":"https:\/\/shop.larus.ch\/fr\/wp-json\/wp\/v2\/media\/323801"}],"wp:attachment":[{"href":"https:\/\/shop.larus.ch\/fr\/wp-json\/wp\/v2\/media?parent=256926"}],"wp:term":[{"taxonomy":"product_cat","embeddable":true,"href":"https:\/\/shop.larus.ch\/fr\/wp-json\/wp\/v2\/product_cat?post=256926"},{"taxonomy":"product_tag","embeddable":true,"href":"https:\/\/shop.larus.ch\/fr\/wp-json\/wp\/v2\/product_tag?post=256926"}],"curies":[{"name":"wp","href":"https:\/\/api.w.org\/{rel}","templated":true}]}}