{"id":256918,"date":"2019-03-27T04:19:17","date_gmt":"2019-03-27T03:19:17","guid":{"rendered":"https:\/\/shop.larus.ch\/product\/vis-pour-clture-pvc\/"},"modified":"2026-04-16T03:05:22","modified_gmt":"2026-04-16T01:05:22","slug":"vis-pour-clture-pvc-2","status":"publish","type":"product","link":"https:\/\/shop.larus.ch\/fr\/product\/vis-pour-clture-pvc-2\/","title":{"rendered":"vis pour cl\u00f4ture PVC"},"content":{"rendered":"<p>vis pour cl\u00f4ture PVC<br \/>Inox A2, t\u00eate de lentille avec bague d\u00b4\u00e9tanch\u00e9it\u00e9, Torx 25,<br \/>carton \u00e0 200pcs<\/p>\n","protected":false},"excerpt":{"rendered":"<p>vis pour cl\u00f4ture PVC<br \/>Inox A2, t\u00eate de lentille avec bague d\u00b4\u00e9tanch\u00e9it\u00e9, Torx 25,<br \/>carton \u00e0 200pcs<\/p>\n","protected":false},"featured_media":324226,"template":"","meta":[],"product_cat":[60017],"product_tag":[],"_links":{"self":[{"href":"https:\/\/shop.larus.ch\/fr\/wp-json\/wp\/v2\/product\/256918"}],"collection":[{"href":"https:\/\/shop.larus.ch\/fr\/wp-json\/wp\/v2\/product"}],"about":[{"href":"https:\/\/shop.larus.ch\/fr\/wp-json\/wp\/v2\/types\/product"}],"wp:featuredmedia":[{"embeddable":true,"href":"https:\/\/shop.larus.ch\/fr\/wp-json\/wp\/v2\/media\/324226"}],"wp:attachment":[{"href":"https:\/\/shop.larus.ch\/fr\/wp-json\/wp\/v2\/media?parent=256918"}],"wp:term":[{"taxonomy":"product_cat","embeddable":true,"href":"https:\/\/shop.larus.ch\/fr\/wp-json\/wp\/v2\/product_cat?post=256918"},{"taxonomy":"product_tag","embeddable":true,"href":"https:\/\/shop.larus.ch\/fr\/wp-json\/wp\/v2\/product_tag?post=256918"}],"curies":[{"name":"wp","href":"https:\/\/api.w.org\/{rel}","templated":true}]}}