{"id":256898,"date":"2019-03-27T04:19:10","date_gmt":"2019-03-27T03:19:10","guid":{"rendered":"https:\/\/shop.larus.ch\/product\/renforcement-pour-montants\/"},"modified":"2026-04-16T03:21:48","modified_gmt":"2026-04-16T01:21:48","slug":"renforcement-pour-montants-3","status":"publish","type":"product","link":"https:\/\/shop.larus.ch\/fr\/product\/renforcement-pour-montants-3\/","title":{"rendered":"Renforcement pour montants"},"content":{"rendered":"<p>Renforcement pour montants<br \/>pour renforcement des montants, galvanis\u00e9, pour montant renforc\u00e9, pour b\u00e9tonner<\/p>\n","protected":false},"excerpt":{"rendered":"<p>Renforcement pour montants<br \/>pour renforcement des montants, galvanis\u00e9, pour montant renforc\u00e9, pour b\u00e9tonner<\/p>\n","protected":false},"featured_media":325966,"template":"","meta":[],"product_cat":[60015],"product_tag":[],"_links":{"self":[{"href":"https:\/\/shop.larus.ch\/fr\/wp-json\/wp\/v2\/product\/256898"}],"collection":[{"href":"https:\/\/shop.larus.ch\/fr\/wp-json\/wp\/v2\/product"}],"about":[{"href":"https:\/\/shop.larus.ch\/fr\/wp-json\/wp\/v2\/types\/product"}],"wp:featuredmedia":[{"embeddable":true,"href":"https:\/\/shop.larus.ch\/fr\/wp-json\/wp\/v2\/media\/325966"}],"wp:attachment":[{"href":"https:\/\/shop.larus.ch\/fr\/wp-json\/wp\/v2\/media?parent=256898"}],"wp:term":[{"taxonomy":"product_cat","embeddable":true,"href":"https:\/\/shop.larus.ch\/fr\/wp-json\/wp\/v2\/product_cat?post=256898"},{"taxonomy":"product_tag","embeddable":true,"href":"https:\/\/shop.larus.ch\/fr\/wp-json\/wp\/v2\/product_tag?post=256898"}],"curies":[{"name":"wp","href":"https:\/\/api.w.org\/{rel}","templated":true}]}}