{"id":256894,"date":"2019-03-27T04:19:09","date_gmt":"2019-03-27T03:19:09","guid":{"rendered":"https:\/\/shop.larus.ch\/product\/renforcement-pour-montants\/"},"modified":"2026-04-16T03:07:01","modified_gmt":"2026-04-16T01:07:01","slug":"renforcement-pour-montants-2","status":"publish","type":"product","link":"https:\/\/shop.larus.ch\/fr\/product\/renforcement-pour-montants-2\/","title":{"rendered":"Renforcement pour montants"},"content":{"rendered":"<p>Renforcement pour montants<br \/>pour renforcement des montants, galvanis\u00e9, pour montant renforc\u00e9, pour b\u00e9tonner<\/p>\n","protected":false},"excerpt":{"rendered":"<p>Renforcement pour montants<br \/>pour renforcement des montants, galvanis\u00e9, pour montant renforc\u00e9, pour b\u00e9tonner<\/p>\n","protected":false},"featured_media":324650,"template":"","meta":[],"product_cat":[60015],"product_tag":[],"_links":{"self":[{"href":"https:\/\/shop.larus.ch\/fr\/wp-json\/wp\/v2\/product\/256894"}],"collection":[{"href":"https:\/\/shop.larus.ch\/fr\/wp-json\/wp\/v2\/product"}],"about":[{"href":"https:\/\/shop.larus.ch\/fr\/wp-json\/wp\/v2\/types\/product"}],"wp:featuredmedia":[{"embeddable":true,"href":"https:\/\/shop.larus.ch\/fr\/wp-json\/wp\/v2\/media\/324650"}],"wp:attachment":[{"href":"https:\/\/shop.larus.ch\/fr\/wp-json\/wp\/v2\/media?parent=256894"}],"wp:term":[{"taxonomy":"product_cat","embeddable":true,"href":"https:\/\/shop.larus.ch\/fr\/wp-json\/wp\/v2\/product_cat?post=256894"},{"taxonomy":"product_tag","embeddable":true,"href":"https:\/\/shop.larus.ch\/fr\/wp-json\/wp\/v2\/product_tag?post=256894"}],"curies":[{"name":"wp","href":"https:\/\/api.w.org\/{rel}","templated":true}]}}