{"id":256890,"date":"2019-03-27T04:19:08","date_gmt":"2019-03-27T03:19:08","guid":{"rendered":"https:\/\/shop.larus.ch\/product\/traverses-pour-clture-en-pvc-renforc\/"},"modified":"2026-04-16T03:16:30","modified_gmt":"2026-04-16T01:16:30","slug":"traverses-pour-clture-en-pvc-renforc","status":"publish","type":"product","link":"https:\/\/shop.larus.ch\/fr\/product\/traverses-pour-clture-en-pvc-renforc\/","title":{"rendered":"Traverses pour cl\u00f4ture en PVC renforc\u00e9"},"content":{"rendered":"<p>Traverses pour cl\u00f4ture en PVC Paris et Lyon <br \/>profil\u00e9 creux en PVC, renforc\u00e9 avec tube en acier, incl. deux chapeaux d\u2018extr\u00e9mite, couleur blanche<\/p>\n","protected":false},"excerpt":{"rendered":"<p>Traverses pour cl\u00f4ture en PVC Paris et Lyon <br \/>profil\u00e9 creux en PVC, renforc\u00e9 avec tube en acier, incl. deux chapeaux d\u2018extr\u00e9mite, couleur blanche<\/p>\n","protected":false},"featured_media":325432,"template":"","meta":[],"product_cat":[60013],"product_tag":[],"_links":{"self":[{"href":"https:\/\/shop.larus.ch\/fr\/wp-json\/wp\/v2\/product\/256890"}],"collection":[{"href":"https:\/\/shop.larus.ch\/fr\/wp-json\/wp\/v2\/product"}],"about":[{"href":"https:\/\/shop.larus.ch\/fr\/wp-json\/wp\/v2\/types\/product"}],"wp:featuredmedia":[{"embeddable":true,"href":"https:\/\/shop.larus.ch\/fr\/wp-json\/wp\/v2\/media\/325432"}],"wp:attachment":[{"href":"https:\/\/shop.larus.ch\/fr\/wp-json\/wp\/v2\/media?parent=256890"}],"wp:term":[{"taxonomy":"product_cat","embeddable":true,"href":"https:\/\/shop.larus.ch\/fr\/wp-json\/wp\/v2\/product_cat?post=256890"},{"taxonomy":"product_tag","embeddable":true,"href":"https:\/\/shop.larus.ch\/fr\/wp-json\/wp\/v2\/product_tag?post=256890"}],"curies":[{"name":"wp","href":"https:\/\/api.w.org\/{rel}","templated":true}]}}