{"id":256850,"date":"2019-03-27T04:18:53","date_gmt":"2019-03-27T03:18:53","guid":{"rendered":"https:\/\/shop.larus.ch\/product\/montants-pour-clture-en-pvc-renforc\/"},"modified":"2026-04-16T03:06:53","modified_gmt":"2026-04-16T01:06:53","slug":"montants-pour-clture-en-pvc-renforc","status":"publish","type":"product","link":"https:\/\/shop.larus.ch\/fr\/product\/montants-pour-clture-en-pvc-renforc\/","title":{"rendered":"Montants pour cl\u00f4ture en PVC renforc\u00e9"},"content":{"rendered":"<p>Montants pour cl\u00f4ture en PVC Paris et Lyon<br \/>profil\u00e9 creux en PVC renforc\u00e9, capuchon Nr. 14 Pyramide incl., couleur blanche<\/p>\n","protected":false},"excerpt":{"rendered":"<p>Montants pour cl\u00f4ture en PVC Paris et Lyon<br \/>profil\u00e9 creux en PVC renforc\u00e9, capuchon Nr. 14 Pyramide incl., couleur blanche<\/p>\n","protected":false},"featured_media":324614,"template":"","meta":[],"product_cat":[60009],"product_tag":[],"_links":{"self":[{"href":"https:\/\/shop.larus.ch\/fr\/wp-json\/wp\/v2\/product\/256850"}],"collection":[{"href":"https:\/\/shop.larus.ch\/fr\/wp-json\/wp\/v2\/product"}],"about":[{"href":"https:\/\/shop.larus.ch\/fr\/wp-json\/wp\/v2\/types\/product"}],"wp:featuredmedia":[{"embeddable":true,"href":"https:\/\/shop.larus.ch\/fr\/wp-json\/wp\/v2\/media\/324614"}],"wp:attachment":[{"href":"https:\/\/shop.larus.ch\/fr\/wp-json\/wp\/v2\/media?parent=256850"}],"wp:term":[{"taxonomy":"product_cat","embeddable":true,"href":"https:\/\/shop.larus.ch\/fr\/wp-json\/wp\/v2\/product_cat?post=256850"},{"taxonomy":"product_tag","embeddable":true,"href":"https:\/\/shop.larus.ch\/fr\/wp-json\/wp\/v2\/product_tag?post=256850"}],"curies":[{"name":"wp","href":"https:\/\/api.w.org\/{rel}","templated":true}]}}