{"id":256838,"date":"2019-03-27T04:18:48","date_gmt":"2019-03-27T03:18:48","guid":{"rendered":"https:\/\/shop.larus.ch\/product\/montants-pour-clture-en-pvc-renforc\/"},"modified":"2026-04-19T03:11:00","modified_gmt":"2026-04-19T01:11:00","slug":"montants-pour-clture-en-pvc-renforc-3","status":"publish","type":"product","link":"https:\/\/shop.larus.ch\/fr\/product\/montants-pour-clture-en-pvc-renforc-3\/","title":{"rendered":"Montants pour cl\u00f4ture en PVC renforc\u00e9"},"content":{"rendered":"<p>Montants pour cl\u00f4ture en PVC Paris et Lyon<br \/>profil\u00e9 creux en PVC renforc\u00e9, capuchon Nr. 14 Pyramide incl., couleur blanche<\/p>\n","protected":false},"excerpt":{"rendered":"<p>Montants pour cl\u00f4ture en PVC Paris et Lyon<br \/>profil\u00e9 creux en PVC renforc\u00e9, capuchon Nr. 14 Pyramide incl., couleur blanche<\/p>\n","protected":false},"featured_media":325362,"template":"","meta":[],"product_cat":[60009],"product_tag":[],"_links":{"self":[{"href":"https:\/\/shop.larus.ch\/fr\/wp-json\/wp\/v2\/product\/256838"}],"collection":[{"href":"https:\/\/shop.larus.ch\/fr\/wp-json\/wp\/v2\/product"}],"about":[{"href":"https:\/\/shop.larus.ch\/fr\/wp-json\/wp\/v2\/types\/product"}],"wp:featuredmedia":[{"embeddable":true,"href":"https:\/\/shop.larus.ch\/fr\/wp-json\/wp\/v2\/media\/325362"}],"wp:attachment":[{"href":"https:\/\/shop.larus.ch\/fr\/wp-json\/wp\/v2\/media?parent=256838"}],"wp:term":[{"taxonomy":"product_cat","embeddable":true,"href":"https:\/\/shop.larus.ch\/fr\/wp-json\/wp\/v2\/product_cat?post=256838"},{"taxonomy":"product_tag","embeddable":true,"href":"https:\/\/shop.larus.ch\/fr\/wp-json\/wp\/v2\/product_tag?post=256838"}],"curies":[{"name":"wp","href":"https:\/\/api.w.org\/{rel}","templated":true}]}}