{"id":256804,"date":"2019-03-27T04:18:35","date_gmt":"2019-03-27T03:18:35","guid":{"rendered":"https:\/\/shop.larus.ch\/product\/porte-normalise-pour-clture-en-pvc-lyon\/"},"modified":"2026-04-16T03:11:47","modified_gmt":"2026-04-16T01:11:47","slug":"porte-normalise-pour-clture-en-pvc-lyon","status":"publish","type":"product","link":"https:\/\/shop.larus.ch\/fr\/product\/porte-normalise-pour-clture-en-pvc-lyon\/","title":{"rendered":"Porte normalis\u00e9e pour cl\u00f4ture en PVC Lyon"},"content":{"rendered":"<p>Porte normalis\u00e9e pour cl\u00f4ture en PVC Lyon<br \/>lattes profil\u00e9 creux 8.5 x 2.5 cm, t\u00eate arrondie, traverses profil\u00e9 creux 8.5 x 2.5 cm, traverse en haut renforc\u00e9 avec tube en acier, viss\u00e9 visible de l\u2018avant, sans ferrures, couleur blanche<\/p>\n","protected":false},"excerpt":{"rendered":"<p>Porte normalis\u00e9e pour cl\u00f4ture en PVC Lyon<br \/>lattes profil\u00e9 creux 8.5 x 2.5 cm, t\u00eate arrondie, traverses profil\u00e9 creux 8.5 x 2.5 cm, traverse en haut renforc\u00e9 avec tube en acier, viss\u00e9 visible de l\u2018avant, sans ferrures, couleur blanche<\/p>\n","protected":false},"featured_media":325050,"template":"","meta":[],"product_cat":[60007],"product_tag":[],"_links":{"self":[{"href":"https:\/\/shop.larus.ch\/fr\/wp-json\/wp\/v2\/product\/256804"}],"collection":[{"href":"https:\/\/shop.larus.ch\/fr\/wp-json\/wp\/v2\/product"}],"about":[{"href":"https:\/\/shop.larus.ch\/fr\/wp-json\/wp\/v2\/types\/product"}],"wp:featuredmedia":[{"embeddable":true,"href":"https:\/\/shop.larus.ch\/fr\/wp-json\/wp\/v2\/media\/325050"}],"wp:attachment":[{"href":"https:\/\/shop.larus.ch\/fr\/wp-json\/wp\/v2\/media?parent=256804"}],"wp:term":[{"taxonomy":"product_cat","embeddable":true,"href":"https:\/\/shop.larus.ch\/fr\/wp-json\/wp\/v2\/product_cat?post=256804"},{"taxonomy":"product_tag","embeddable":true,"href":"https:\/\/shop.larus.ch\/fr\/wp-json\/wp\/v2\/product_tag?post=256804"}],"curies":[{"name":"wp","href":"https:\/\/api.w.org\/{rel}","templated":true}]}}