{"id":256772,"date":"2019-03-27T04:18:21","date_gmt":"2019-03-27T03:18:21","guid":{"rendered":"https:\/\/shop.larus.ch\/product\/clture-en-pvc-lyon\/"},"modified":"2026-04-16T03:10:45","modified_gmt":"2026-04-16T01:10:45","slug":"clture-en-pvc-lyon-2","status":"publish","type":"product","link":"https:\/\/shop.larus.ch\/fr\/product\/clture-en-pvc-lyon-2\/","title":{"rendered":"Cl\u00f4ture en PVC Lyon"},"content":{"rendered":"<p>Cl\u00f4ture en PVC Lyon<br \/>lattes profil\u00e9 creux 8.5 x 2.5 cm t\u00eate arrondie, traverses profil\u00e9 creux 8.5 x 2.5 cm, traverse en haut renforc\u00e9 avec tube en acier 2.5 x 1.5 cm, viss\u00e9 visible de l\u2018avant avec vis inoxydables, couleur blanche<\/p>\n","protected":false},"excerpt":{"rendered":"<p>Cl\u00f4ture en PVC Lyon<br \/>lattes profil\u00e9 creux 8.5 x 2.5 cm t\u00eate arrondie, traverses profil\u00e9 creux 8.5 x 2.5 cm, traverse en haut renforc\u00e9 avec tube en acier 2.5 x 1.5 cm, viss\u00e9 visible de l\u2018avant avec vis inoxydables, couleur blanche<\/p>\n","protected":false},"featured_media":324818,"template":"","meta":[],"product_cat":[60005],"product_tag":[],"_links":{"self":[{"href":"https:\/\/shop.larus.ch\/fr\/wp-json\/wp\/v2\/product\/256772"}],"collection":[{"href":"https:\/\/shop.larus.ch\/fr\/wp-json\/wp\/v2\/product"}],"about":[{"href":"https:\/\/shop.larus.ch\/fr\/wp-json\/wp\/v2\/types\/product"}],"wp:featuredmedia":[{"embeddable":true,"href":"https:\/\/shop.larus.ch\/fr\/wp-json\/wp\/v2\/media\/324818"}],"wp:attachment":[{"href":"https:\/\/shop.larus.ch\/fr\/wp-json\/wp\/v2\/media?parent=256772"}],"wp:term":[{"taxonomy":"product_cat","embeddable":true,"href":"https:\/\/shop.larus.ch\/fr\/wp-json\/wp\/v2\/product_cat?post=256772"},{"taxonomy":"product_tag","embeddable":true,"href":"https:\/\/shop.larus.ch\/fr\/wp-json\/wp\/v2\/product_tag?post=256772"}],"curies":[{"name":"wp","href":"https:\/\/api.w.org\/{rel}","templated":true}]}}