{"id":256663,"date":"2019-03-14T04:00:49","date_gmt":"2019-03-14T03:00:49","guid":{"rendered":"https:\/\/shop.larus.ch\/product\/ancre-cheville-pour-montants\/"},"modified":"2026-04-16T03:20:19","modified_gmt":"2026-04-16T01:20:19","slug":"ancre-cheville-pour-montants-2","status":"publish","type":"product","link":"https:\/\/shop.larus.ch\/fr\/product\/ancre-cheville-pour-montants-2\/","title":{"rendered":"Ancre cheville pour montants"},"content":{"rendered":"<p>Ancre cheville pour montants<br \/>galvanis\u00e9 \u00e0 chaud, pour montant renforc\u00e9, pour cheviller (trous \u00d8 1.05 cm)<\/p>\n","protected":false},"excerpt":{"rendered":"<p>Ancre cheville pour montants<br \/>galvanis\u00e9 \u00e0 chaud, pour montant renforc\u00e9, pour cheviller (trous \u00d8 1.05 cm)<\/p>\n","protected":false},"featured_media":323611,"template":"","meta":[],"product_cat":[59883],"product_tag":[],"_links":{"self":[{"href":"https:\/\/shop.larus.ch\/fr\/wp-json\/wp\/v2\/product\/256663"}],"collection":[{"href":"https:\/\/shop.larus.ch\/fr\/wp-json\/wp\/v2\/product"}],"about":[{"href":"https:\/\/shop.larus.ch\/fr\/wp-json\/wp\/v2\/types\/product"}],"wp:featuredmedia":[{"embeddable":true,"href":"https:\/\/shop.larus.ch\/fr\/wp-json\/wp\/v2\/media\/323611"}],"wp:attachment":[{"href":"https:\/\/shop.larus.ch\/fr\/wp-json\/wp\/v2\/media?parent=256663"}],"wp:term":[{"taxonomy":"product_cat","embeddable":true,"href":"https:\/\/shop.larus.ch\/fr\/wp-json\/wp\/v2\/product_cat?post=256663"},{"taxonomy":"product_tag","embeddable":true,"href":"https:\/\/shop.larus.ch\/fr\/wp-json\/wp\/v2\/product_tag?post=256663"}],"curies":[{"name":"wp","href":"https:\/\/api.w.org\/{rel}","templated":true}]}}