{"id":256651,"date":"2019-03-14T04:00:45","date_gmt":"2019-03-14T03:00:45","guid":{"rendered":"https:\/\/shop.larus.ch\/product\/montant-pour-paroi-profil-de-remplissage\/"},"modified":"2026-04-16T03:21:00","modified_gmt":"2026-04-16T01:21:00","slug":"montant-pour-paroi-profil-de-remplissage-8","status":"publish","type":"product","link":"https:\/\/shop.larus.ch\/fr\/product\/montant-pour-paroi-profil-de-remplissage-8\/","title":{"rendered":"Montant pour paroi profil de remplissage"},"content":{"rendered":"<p>Montant pour paroi profil de remplissage<br \/>profil\u00e9 creux en PVC renforc\u00e9, capuchon pyramide incl., couleur ch\u00eane gris<\/p>\n","protected":false},"excerpt":{"rendered":"<p>Montant pour paroi profil de remplissage<br \/>profil\u00e9 creux en PVC renforc\u00e9, capuchon pyramide incl., couleur ch\u00eane gris<\/p>\n","protected":false},"featured_media":325784,"template":"","meta":[],"product_cat":[59881],"product_tag":[],"_links":{"self":[{"href":"https:\/\/shop.larus.ch\/fr\/wp-json\/wp\/v2\/product\/256651"}],"collection":[{"href":"https:\/\/shop.larus.ch\/fr\/wp-json\/wp\/v2\/product"}],"about":[{"href":"https:\/\/shop.larus.ch\/fr\/wp-json\/wp\/v2\/types\/product"}],"wp:featuredmedia":[{"embeddable":true,"href":"https:\/\/shop.larus.ch\/fr\/wp-json\/wp\/v2\/media\/325784"}],"wp:attachment":[{"href":"https:\/\/shop.larus.ch\/fr\/wp-json\/wp\/v2\/media?parent=256651"}],"wp:term":[{"taxonomy":"product_cat","embeddable":true,"href":"https:\/\/shop.larus.ch\/fr\/wp-json\/wp\/v2\/product_cat?post=256651"},{"taxonomy":"product_tag","embeddable":true,"href":"https:\/\/shop.larus.ch\/fr\/wp-json\/wp\/v2\/product_tag?post=256651"}],"curies":[{"name":"wp","href":"https:\/\/api.w.org\/{rel}","templated":true}]}}