{"id":256591,"date":"2019-03-14T04:00:20","date_gmt":"2019-03-14T03:00:20","guid":{"rendered":"https:\/\/shop.larus.ch\/product\/pare-vue-en-pvc-altern\/"},"modified":"2026-04-19T03:01:27","modified_gmt":"2026-04-19T01:01:27","slug":"pare-vue-en-pvc-altern-3","status":"publish","type":"product","link":"https:\/\/shop.larus.ch\/fr\/product\/pare-vue-en-pvc-altern-3\/","title":{"rendered":"Pare-vue en PVC altern\u00e9"},"content":{"rendered":"<p>Pare-vue en PVC altern\u00e9<br \/>planches profil\u00e9 creux 13.0 x 2.5 cm, traverses profil\u00e9 creux 8.5 x 2.5 cm, traverses renforc\u00e9s avec tube en acier, viss\u00e9 verticale visible avec vis inoxydables, couleur blanche<\/p>\n","protected":false},"excerpt":{"rendered":"<p>Pare-vue en PVC altern\u00e9<br \/>planches profil\u00e9 creux 13.0 x 2.5 cm, traverses profil\u00e9 creux 8.5 x 2.5 cm, traverses renforc\u00e9s avec tube en acier, viss\u00e9 verticale visible avec vis inoxydables, couleur blanche<\/p>\n","protected":false},"featured_media":324504,"template":"","meta":[],"product_cat":[59877],"product_tag":[],"_links":{"self":[{"href":"https:\/\/shop.larus.ch\/fr\/wp-json\/wp\/v2\/product\/256591"}],"collection":[{"href":"https:\/\/shop.larus.ch\/fr\/wp-json\/wp\/v2\/product"}],"about":[{"href":"https:\/\/shop.larus.ch\/fr\/wp-json\/wp\/v2\/types\/product"}],"wp:featuredmedia":[{"embeddable":true,"href":"https:\/\/shop.larus.ch\/fr\/wp-json\/wp\/v2\/media\/324504"}],"wp:attachment":[{"href":"https:\/\/shop.larus.ch\/fr\/wp-json\/wp\/v2\/media?parent=256591"}],"wp:term":[{"taxonomy":"product_cat","embeddable":true,"href":"https:\/\/shop.larus.ch\/fr\/wp-json\/wp\/v2\/product_cat?post=256591"},{"taxonomy":"product_tag","embeddable":true,"href":"https:\/\/shop.larus.ch\/fr\/wp-json\/wp\/v2\/product_tag?post=256591"}],"curies":[{"name":"wp","href":"https:\/\/api.w.org\/{rel}","templated":true}]}}