{"id":256575,"date":"2019-03-14T03:52:32","date_gmt":"2019-03-14T02:52:32","guid":{"rendered":"https:\/\/shop.larus.ch\/product\/pare-vue-en-pvc-avec-recouvrement\/"},"modified":"2026-04-19T03:16:18","modified_gmt":"2026-04-19T01:16:18","slug":"pare-vue-en-pvc-avec-recouvrement-2","status":"publish","type":"product","link":"https:\/\/shop.larus.ch\/fr\/product\/pare-vue-en-pvc-avec-recouvrement-2\/","title":{"rendered":"Pare-vue en PVC avec recouvrement"},"content":{"rendered":"<p>Pare-vue en PVC avec recouvrement<br \/>planches profil\u00e9 creux 13.0 x 2.5 cm, traverses profil\u00e9 creux 8.5 x 2.5 cm, traverses renforc\u00e9s avec tube en acier, viss\u00e9 vertical visible avec vis inoxydables, couleur blanche<\/p>\n","protected":false},"excerpt":{"rendered":"<p>Pare-vue en PVC avec recouvrement<br \/>planches profil\u00e9 creux 13.0 x 2.5 cm, traverses profil\u00e9 creux 8.5 x 2.5 cm, traverses renforc\u00e9s avec tube en acier, viss\u00e9 vertical visible avec vis inoxydables, couleur blanche<\/p>\n","protected":false},"featured_media":325892,"template":"","meta":[],"product_cat":[59876],"product_tag":[],"_links":{"self":[{"href":"https:\/\/shop.larus.ch\/fr\/wp-json\/wp\/v2\/product\/256575"}],"collection":[{"href":"https:\/\/shop.larus.ch\/fr\/wp-json\/wp\/v2\/product"}],"about":[{"href":"https:\/\/shop.larus.ch\/fr\/wp-json\/wp\/v2\/types\/product"}],"wp:featuredmedia":[{"embeddable":true,"href":"https:\/\/shop.larus.ch\/fr\/wp-json\/wp\/v2\/media\/325892"}],"wp:attachment":[{"href":"https:\/\/shop.larus.ch\/fr\/wp-json\/wp\/v2\/media?parent=256575"}],"wp:term":[{"taxonomy":"product_cat","embeddable":true,"href":"https:\/\/shop.larus.ch\/fr\/wp-json\/wp\/v2\/product_cat?post=256575"},{"taxonomy":"product_tag","embeddable":true,"href":"https:\/\/shop.larus.ch\/fr\/wp-json\/wp\/v2\/product_tag?post=256575"}],"curies":[{"name":"wp","href":"https:\/\/api.w.org\/{rel}","templated":true}]}}