{"id":256491,"date":"2019-03-14T03:48:15","date_gmt":"2019-03-14T02:48:15","guid":{"rendered":"https:\/\/shop.larus.ch\/product\/jardinire-pour-pare-vue-variant\/"},"modified":"2026-04-19T03:10:40","modified_gmt":"2026-04-19T01:10:40","slug":"jardinire-pour-pare-vue-variant-2","status":"publish","type":"product","link":"https:\/\/shop.larus.ch\/fr\/product\/jardinire-pour-pare-vue-variant-2\/","title":{"rendered":"Jardini\u00e8re pour Pare-vue Variant"},"content":{"rendered":"<p>Jardini\u00e8re pour Pare-vue Variant<br \/>m\u00e9l\u00e8ze nature, bross\u00e9<br \/>poids max. 18 kg<\/p>\n","protected":false},"excerpt":{"rendered":"<p>Jardini\u00e8re pour Pare-vue Variant<br \/>m\u00e9l\u00e8ze nature, bross\u00e9<br \/>poids max. 18 kg<\/p>\n","protected":false},"featured_media":325296,"template":"","meta":[],"product_cat":[],"product_tag":[],"_links":{"self":[{"href":"https:\/\/shop.larus.ch\/fr\/wp-json\/wp\/v2\/product\/256491"}],"collection":[{"href":"https:\/\/shop.larus.ch\/fr\/wp-json\/wp\/v2\/product"}],"about":[{"href":"https:\/\/shop.larus.ch\/fr\/wp-json\/wp\/v2\/types\/product"}],"wp:featuredmedia":[{"embeddable":true,"href":"https:\/\/shop.larus.ch\/fr\/wp-json\/wp\/v2\/media\/325296"}],"wp:attachment":[{"href":"https:\/\/shop.larus.ch\/fr\/wp-json\/wp\/v2\/media?parent=256491"}],"wp:term":[{"taxonomy":"product_cat","embeddable":true,"href":"https:\/\/shop.larus.ch\/fr\/wp-json\/wp\/v2\/product_cat?post=256491"},{"taxonomy":"product_tag","embeddable":true,"href":"https:\/\/shop.larus.ch\/fr\/wp-json\/wp\/v2\/product_tag?post=256491"}],"curies":[{"name":"wp","href":"https:\/\/api.w.org\/{rel}","templated":true}]}}