{"id":17566,"date":"2017-09-13T15:42:18","date_gmt":"2017-09-13T13:42:18","guid":{"rendered":"http:\/\/shop.larus.ch.rubin.metanet.ch\/product\/finitions-profiles\/"},"modified":"2026-04-16T03:11:39","modified_gmt":"2026-04-16T01:11:39","slug":"finitions-profiles-3","status":"publish","type":"product","link":"https:\/\/shop.larus.ch\/fr\/product\/finitions-profiles-3\/","title":{"rendered":"Finitions profil\u00e9es"},"content":{"rendered":"<p>Finitions profil\u00e9es en alu 10 pces. \u00e0 2 m <br \/>incl. vis<\/p>\n","protected":false},"excerpt":{"rendered":"<p>Finitions profil\u00e9es en alu 10 pces. \u00e0 2 m <br \/>incl. vis<\/p>\n","protected":false},"featured_media":325030,"template":"","meta":[],"product_cat":[59491],"product_tag":[],"_links":{"self":[{"href":"https:\/\/shop.larus.ch\/fr\/wp-json\/wp\/v2\/product\/17566"}],"collection":[{"href":"https:\/\/shop.larus.ch\/fr\/wp-json\/wp\/v2\/product"}],"about":[{"href":"https:\/\/shop.larus.ch\/fr\/wp-json\/wp\/v2\/types\/product"}],"wp:featuredmedia":[{"embeddable":true,"href":"https:\/\/shop.larus.ch\/fr\/wp-json\/wp\/v2\/media\/325030"}],"wp:attachment":[{"href":"https:\/\/shop.larus.ch\/fr\/wp-json\/wp\/v2\/media?parent=17566"}],"wp:term":[{"taxonomy":"product_cat","embeddable":true,"href":"https:\/\/shop.larus.ch\/fr\/wp-json\/wp\/v2\/product_cat?post=17566"},{"taxonomy":"product_tag","embeddable":true,"href":"https:\/\/shop.larus.ch\/fr\/wp-json\/wp\/v2\/product_tag?post=17566"}],"curies":[{"name":"wp","href":"https:\/\/api.w.org\/{rel}","templated":true}]}}