{"id":17555,"date":"2017-09-13T15:42:12","date_gmt":"2017-09-13T13:42:12","guid":{"rendered":"http:\/\/shop.larus.ch.rubin.metanet.ch\/product\/finitions-profiles\/"},"modified":"2026-04-16T03:16:44","modified_gmt":"2026-04-16T01:16:44","slug":"finitions-profiles-2","status":"publish","type":"product","link":"https:\/\/shop.larus.ch\/fr\/product\/finitions-profiles-2\/","title":{"rendered":"Finitions profil\u00e9es"},"content":{"rendered":"<p>Finitions profil\u00e9es en alu 9 pces. \u00e0 2 m <br \/>incl. vis<\/p>\n","protected":false},"excerpt":{"rendered":"<p>Finitions profil\u00e9es en alu 9 pces. \u00e0 2 m <br \/>incl. vis<\/p>\n","protected":false},"featured_media":325490,"template":"","meta":[],"product_cat":[59489,59491],"product_tag":[],"_links":{"self":[{"href":"https:\/\/shop.larus.ch\/fr\/wp-json\/wp\/v2\/product\/17555"}],"collection":[{"href":"https:\/\/shop.larus.ch\/fr\/wp-json\/wp\/v2\/product"}],"about":[{"href":"https:\/\/shop.larus.ch\/fr\/wp-json\/wp\/v2\/types\/product"}],"wp:featuredmedia":[{"embeddable":true,"href":"https:\/\/shop.larus.ch\/fr\/wp-json\/wp\/v2\/media\/325490"}],"wp:attachment":[{"href":"https:\/\/shop.larus.ch\/fr\/wp-json\/wp\/v2\/media?parent=17555"}],"wp:term":[{"taxonomy":"product_cat","embeddable":true,"href":"https:\/\/shop.larus.ch\/fr\/wp-json\/wp\/v2\/product_cat?post=17555"},{"taxonomy":"product_tag","embeddable":true,"href":"https:\/\/shop.larus.ch\/fr\/wp-json\/wp\/v2\/product_tag?post=17555"}],"curies":[{"name":"wp","href":"https:\/\/api.w.org\/{rel}","templated":true}]}}