{"id":17553,"date":"2017-09-13T15:42:11","date_gmt":"2017-09-13T13:42:11","guid":{"rendered":"http:\/\/shop.larus.ch.rubin.metanet.ch\/product\/dbarras\/"},"modified":"2026-04-21T03:01:36","modified_gmt":"2026-04-21T01:01:36","slug":"dbarras","status":"publish","type":"product","link":"https:\/\/shop.larus.ch\/fr\/product\/dbarras\/","title":{"rendered":"D\u00e9barras"},"content":{"rendered":"<p>D\u00e9barras pour toit plat-carport Randen long, impr\u00e9gn\u00e9 verd\u00e2tre, 2 montants suppl\u00e9mentaires incl. <\/p>\n","protected":false},"excerpt":{"rendered":"<p>D\u00e9barras pour toit plat-carport Randen long, impr\u00e9gn\u00e9 verd\u00e2tre, 2 montants suppl\u00e9mentaires incl. <\/p>\n","protected":false},"featured_media":326586,"template":"","meta":[],"product_cat":[59491],"product_tag":[],"_links":{"self":[{"href":"https:\/\/shop.larus.ch\/fr\/wp-json\/wp\/v2\/product\/17553"}],"collection":[{"href":"https:\/\/shop.larus.ch\/fr\/wp-json\/wp\/v2\/product"}],"about":[{"href":"https:\/\/shop.larus.ch\/fr\/wp-json\/wp\/v2\/types\/product"}],"wp:featuredmedia":[{"embeddable":true,"href":"https:\/\/shop.larus.ch\/fr\/wp-json\/wp\/v2\/media\/326586"}],"wp:attachment":[{"href":"https:\/\/shop.larus.ch\/fr\/wp-json\/wp\/v2\/media?parent=17553"}],"wp:term":[{"taxonomy":"product_cat","embeddable":true,"href":"https:\/\/shop.larus.ch\/fr\/wp-json\/wp\/v2\/product_cat?post=17553"},{"taxonomy":"product_tag","embeddable":true,"href":"https:\/\/shop.larus.ch\/fr\/wp-json\/wp\/v2\/product_tag?post=17553"}],"curies":[{"name":"wp","href":"https:\/\/api.w.org\/{rel}","templated":true}]}}