{"id":17550,"date":"2017-09-13T15:42:09","date_gmt":"2017-09-13T13:42:09","guid":{"rendered":"http:\/\/shop.larus.ch.rubin.metanet.ch\/product\/paroi-latrales-2-carport\/"},"modified":"2026-04-16T03:16:46","modified_gmt":"2026-04-16T01:16:46","slug":"paroi-latrales-2-carport","status":"publish","type":"product","link":"https:\/\/shop.larus.ch\/fr\/product\/paroi-latrales-2-carport\/","title":{"rendered":"Paroi lat\u00e9rales 2-carport"},"content":{"rendered":"<p>Paroi lat\u00e9rales toit plat-double-carport<br \/>impr\u00e9gn\u00e9 verd\u00e2tre<br \/>incl. poteaux suppl\u00e9mentaires avec fixations, 14 mm coffrage<\/p>\n","protected":false},"excerpt":{"rendered":"<p>Paroi lat\u00e9rales toit plat-double-carport<br \/>impr\u00e9gn\u00e9 verd\u00e2tre<br \/>incl. poteaux suppl\u00e9mentaires avec fixations, 14 mm coffrage<\/p>\n","protected":false},"featured_media":325500,"template":"","meta":[],"product_cat":[59491],"product_tag":[],"_links":{"self":[{"href":"https:\/\/shop.larus.ch\/fr\/wp-json\/wp\/v2\/product\/17550"}],"collection":[{"href":"https:\/\/shop.larus.ch\/fr\/wp-json\/wp\/v2\/product"}],"about":[{"href":"https:\/\/shop.larus.ch\/fr\/wp-json\/wp\/v2\/types\/product"}],"wp:featuredmedia":[{"embeddable":true,"href":"https:\/\/shop.larus.ch\/fr\/wp-json\/wp\/v2\/media\/325500"}],"wp:attachment":[{"href":"https:\/\/shop.larus.ch\/fr\/wp-json\/wp\/v2\/media?parent=17550"}],"wp:term":[{"taxonomy":"product_cat","embeddable":true,"href":"https:\/\/shop.larus.ch\/fr\/wp-json\/wp\/v2\/product_cat?post=17550"},{"taxonomy":"product_tag","embeddable":true,"href":"https:\/\/shop.larus.ch\/fr\/wp-json\/wp\/v2\/product_tag?post=17550"}],"curies":[{"name":"wp","href":"https:\/\/api.w.org\/{rel}","templated":true}]}}