{"id":17549,"date":"2017-09-13T15:42:08","date_gmt":"2017-09-13T13:42:08","guid":{"rendered":"http:\/\/shop.larus.ch.rubin.metanet.ch\/product\/finitions-profiles-12\/"},"modified":"2026-04-19T03:16:19","modified_gmt":"2026-04-19T01:16:19","slug":"finitions-profiles-12","status":"publish","type":"product","link":"https:\/\/shop.larus.ch\/fr\/product\/finitions-profiles-12\/","title":{"rendered":"Finitions profil\u00e9es 11"},"content":{"rendered":"<p>Finitions profil\u00e9es en alu 11 pces. \u00e0 2 m <br \/>incl. vis<\/p>\n","protected":false},"excerpt":{"rendered":"<p>Finitions profil\u00e9es en alu 11 pces. \u00e0 2 m <br \/>incl. vis<\/p>\n","protected":false},"featured_media":325896,"template":"","meta":[],"product_cat":[59491],"product_tag":[],"_links":{"self":[{"href":"https:\/\/shop.larus.ch\/fr\/wp-json\/wp\/v2\/product\/17549"}],"collection":[{"href":"https:\/\/shop.larus.ch\/fr\/wp-json\/wp\/v2\/product"}],"about":[{"href":"https:\/\/shop.larus.ch\/fr\/wp-json\/wp\/v2\/types\/product"}],"wp:featuredmedia":[{"embeddable":true,"href":"https:\/\/shop.larus.ch\/fr\/wp-json\/wp\/v2\/media\/325896"}],"wp:attachment":[{"href":"https:\/\/shop.larus.ch\/fr\/wp-json\/wp\/v2\/media?parent=17549"}],"wp:term":[{"taxonomy":"product_cat","embeddable":true,"href":"https:\/\/shop.larus.ch\/fr\/wp-json\/wp\/v2\/product_cat?post=17549"},{"taxonomy":"product_tag","embeddable":true,"href":"https:\/\/shop.larus.ch\/fr\/wp-json\/wp\/v2\/product_tag?post=17549"}],"curies":[{"name":"wp","href":"https:\/\/api.w.org\/{rel}","templated":true}]}}