{"id":17548,"date":"2017-09-13T15:42:08","date_gmt":"2017-09-13T13:42:08","guid":{"rendered":"http:\/\/shop.larus.ch.rubin.metanet.ch\/product\/simple-carport-montreal\/"},"modified":"2026-04-19T03:01:03","modified_gmt":"2026-04-19T01:01:03","slug":"simple-carport-montreal","status":"publish","type":"product","link":"https:\/\/shop.larus.ch\/fr\/product\/simple-carport-montreal\/","title":{"rendered":"simple-carport Randen"},"content":{"rendered":"<p>Toit plat-simple-carport Randen long, impr\u00e9gn\u00e9 verd\u00e2tre , en profil\u00e9s d\u00b4 aluminium trap\u00e8ze, charge de neige 100 kg\/m2<\/p>\n","protected":false},"excerpt":{"rendered":"<p>Toit plat-simple-carport Randen long, impr\u00e9gn\u00e9 verd\u00e2tre , en profil\u00e9s d\u00b4 aluminium trap\u00e8ze, charge de neige 100 kg\/m2<\/p>\n","protected":false},"featured_media":324392,"template":"","meta":[],"product_cat":[59485],"product_tag":[],"_links":{"self":[{"href":"https:\/\/shop.larus.ch\/fr\/wp-json\/wp\/v2\/product\/17548"}],"collection":[{"href":"https:\/\/shop.larus.ch\/fr\/wp-json\/wp\/v2\/product"}],"about":[{"href":"https:\/\/shop.larus.ch\/fr\/wp-json\/wp\/v2\/types\/product"}],"wp:featuredmedia":[{"embeddable":true,"href":"https:\/\/shop.larus.ch\/fr\/wp-json\/wp\/v2\/media\/324392"}],"wp:attachment":[{"href":"https:\/\/shop.larus.ch\/fr\/wp-json\/wp\/v2\/media?parent=17548"}],"wp:term":[{"taxonomy":"product_cat","embeddable":true,"href":"https:\/\/shop.larus.ch\/fr\/wp-json\/wp\/v2\/product_cat?post=17548"},{"taxonomy":"product_tag","embeddable":true,"href":"https:\/\/shop.larus.ch\/fr\/wp-json\/wp\/v2\/product_tag?post=17548"}],"curies":[{"name":"wp","href":"https:\/\/api.w.org\/{rel}","templated":true}]}}