{"id":17547,"date":"2017-09-13T15:42:07","date_gmt":"2017-09-13T13:42:07","guid":{"rendered":"http:\/\/shop.larus.ch.rubin.metanet.ch\/product\/carport-silverstone-2\/"},"modified":"2026-04-19T03:15:57","modified_gmt":"2026-04-19T01:15:57","slug":"carport-silverstone-2","status":"publish","type":"product","link":"https:\/\/shop.larus.ch\/fr\/product\/carport-silverstone-2\/","title":{"rendered":"Carport Hallau"},"content":{"rendered":"<p>Toit plat-simple-carport Hallau<br \/>impr\u00e9gn\u00e9 verd\u00e2tre, incl. profil\u00e9s d\u00b4 aluminium trap\u00e8ze galvanis\u00e9 \u00e0 chaud, au-dessus noir au-dessous blanc-grise, kit de montage et ancre \u00e0 beton en forme H L 80 cm<\/p>\n","protected":false},"excerpt":{"rendered":"<p>Toit plat-simple-carport Hallau<br \/>impr\u00e9gn\u00e9 verd\u00e2tre, incl. profil\u00e9s d\u00b4 aluminium trap\u00e8ze galvanis\u00e9 \u00e0 chaud, au-dessus noir au-dessous blanc-grise, kit de montage et ancre \u00e0 beton en forme H L 80 cm<\/p>\n","protected":false},"featured_media":325812,"template":"","meta":[],"product_cat":[59483],"product_tag":[],"_links":{"self":[{"href":"https:\/\/shop.larus.ch\/fr\/wp-json\/wp\/v2\/product\/17547"}],"collection":[{"href":"https:\/\/shop.larus.ch\/fr\/wp-json\/wp\/v2\/product"}],"about":[{"href":"https:\/\/shop.larus.ch\/fr\/wp-json\/wp\/v2\/types\/product"}],"wp:featuredmedia":[{"embeddable":true,"href":"https:\/\/shop.larus.ch\/fr\/wp-json\/wp\/v2\/media\/325812"}],"wp:attachment":[{"href":"https:\/\/shop.larus.ch\/fr\/wp-json\/wp\/v2\/media?parent=17547"}],"wp:term":[{"taxonomy":"product_cat","embeddable":true,"href":"https:\/\/shop.larus.ch\/fr\/wp-json\/wp\/v2\/product_cat?post=17547"},{"taxonomy":"product_tag","embeddable":true,"href":"https:\/\/shop.larus.ch\/fr\/wp-json\/wp\/v2\/product_tag?post=17547"}],"curies":[{"name":"wp","href":"https:\/\/api.w.org\/{rel}","templated":true}]}}