{"id":17545,"date":"2017-09-13T15:42:06","date_gmt":"2017-09-13T13:42:06","guid":{"rendered":"http:\/\/shop.larus.ch.rubin.metanet.ch\/product\/paroi-arrire-1-carport\/"},"modified":"2026-04-16T03:12:01","modified_gmt":"2026-04-16T01:12:01","slug":"paroi-arrire-1-carport","status":"publish","type":"product","link":"https:\/\/shop.larus.ch\/fr\/product\/paroi-arrire-1-carport\/","title":{"rendered":"Paroi arri\u00e8re 1-Carport"},"content":{"rendered":"<p>Paroi arri\u00e8re pour toit plat-simple-Carport<br \/>impr\u00e9gn\u00e9 verd\u00e2tre<br \/>incl. fixations, 14 mm coffrage<\/p>\n","protected":false},"excerpt":{"rendered":"<p>Paroi arri\u00e8re pour toit plat-simple-Carport<br \/>impr\u00e9gn\u00e9 verd\u00e2tre<br \/>incl. fixations, 14 mm coffrage<\/p>\n","protected":false},"featured_media":325096,"template":"","meta":[],"product_cat":[59491],"product_tag":[],"_links":{"self":[{"href":"https:\/\/shop.larus.ch\/fr\/wp-json\/wp\/v2\/product\/17545"}],"collection":[{"href":"https:\/\/shop.larus.ch\/fr\/wp-json\/wp\/v2\/product"}],"about":[{"href":"https:\/\/shop.larus.ch\/fr\/wp-json\/wp\/v2\/types\/product"}],"wp:featuredmedia":[{"embeddable":true,"href":"https:\/\/shop.larus.ch\/fr\/wp-json\/wp\/v2\/media\/325096"}],"wp:attachment":[{"href":"https:\/\/shop.larus.ch\/fr\/wp-json\/wp\/v2\/media?parent=17545"}],"wp:term":[{"taxonomy":"product_cat","embeddable":true,"href":"https:\/\/shop.larus.ch\/fr\/wp-json\/wp\/v2\/product_cat?post=17545"},{"taxonomy":"product_tag","embeddable":true,"href":"https:\/\/shop.larus.ch\/fr\/wp-json\/wp\/v2\/product_tag?post=17545"}],"curies":[{"name":"wp","href":"https:\/\/api.w.org\/{rel}","templated":true}]}}