{"id":17544,"date":"2017-09-13T15:42:05","date_gmt":"2017-09-13T13:42:05","guid":{"rendered":"http:\/\/shop.larus.ch.rubin.metanet.ch\/product\/parois-latrales-2-carport\/"},"modified":"2026-04-16T03:20:20","modified_gmt":"2026-04-16T01:20:20","slug":"parois-latrales-2-carport","status":"publish","type":"product","link":"https:\/\/shop.larus.ch\/fr\/product\/parois-latrales-2-carport\/","title":{"rendered":"Parois lat\u00e9rales 2-Carport"},"content":{"rendered":"<p>Parois lat\u00e9rales pour toit plat- double-Carport<br \/>impr\u00e9gn\u00e9 verd\u00e2tre<br \/>incl. poteaux suppl\u00e9mentaires, 14 mm coffrage<\/p>\n","protected":false},"excerpt":{"rendered":"<p>Parois lat\u00e9rales pour toit plat- double-Carport<br \/>impr\u00e9gn\u00e9 verd\u00e2tre<br \/>incl. poteaux suppl\u00e9mentaires, 14 mm coffrage<\/p>\n","protected":false},"featured_media":325620,"template":"","meta":[],"product_cat":[59489,59491],"product_tag":[],"_links":{"self":[{"href":"https:\/\/shop.larus.ch\/fr\/wp-json\/wp\/v2\/product\/17544"}],"collection":[{"href":"https:\/\/shop.larus.ch\/fr\/wp-json\/wp\/v2\/product"}],"about":[{"href":"https:\/\/shop.larus.ch\/fr\/wp-json\/wp\/v2\/types\/product"}],"wp:featuredmedia":[{"embeddable":true,"href":"https:\/\/shop.larus.ch\/fr\/wp-json\/wp\/v2\/media\/325620"}],"wp:attachment":[{"href":"https:\/\/shop.larus.ch\/fr\/wp-json\/wp\/v2\/media?parent=17544"}],"wp:term":[{"taxonomy":"product_cat","embeddable":true,"href":"https:\/\/shop.larus.ch\/fr\/wp-json\/wp\/v2\/product_cat?post=17544"},{"taxonomy":"product_tag","embeddable":true,"href":"https:\/\/shop.larus.ch\/fr\/wp-json\/wp\/v2\/product_tag?post=17544"}],"curies":[{"name":"wp","href":"https:\/\/api.w.org\/{rel}","templated":true}]}}