{"id":17543,"date":"2017-09-13T15:42:05","date_gmt":"2017-09-13T13:42:05","guid":{"rendered":"http:\/\/shop.larus.ch.rubin.metanet.ch\/product\/gouttires-brune\/"},"modified":"2026-04-16T03:20:52","modified_gmt":"2026-04-16T01:20:52","slug":"gouttires-brune-2","status":"publish","type":"product","link":"https:\/\/shop.larus.ch\/fr\/product\/gouttires-brune-2\/","title":{"rendered":"Goutti\u00e8res brune"},"content":{"rendered":"<p>Goutti\u00e8res, mati\u00e8re synth\u00e9tique brune, incl. descente d\u00b4 eau pluviale, tube, arcs, fixations<\/p>\n","protected":false},"excerpt":{"rendered":"<p>Goutti\u00e8res, mati\u00e8re synth\u00e9tique brune, incl. descente d\u00b4 eau pluviale, tube, arcs, fixations<\/p>\n","protected":false},"featured_media":325760,"template":"","meta":[],"product_cat":[59491],"product_tag":[],"_links":{"self":[{"href":"https:\/\/shop.larus.ch\/fr\/wp-json\/wp\/v2\/product\/17543"}],"collection":[{"href":"https:\/\/shop.larus.ch\/fr\/wp-json\/wp\/v2\/product"}],"about":[{"href":"https:\/\/shop.larus.ch\/fr\/wp-json\/wp\/v2\/types\/product"}],"wp:featuredmedia":[{"embeddable":true,"href":"https:\/\/shop.larus.ch\/fr\/wp-json\/wp\/v2\/media\/325760"}],"wp:attachment":[{"href":"https:\/\/shop.larus.ch\/fr\/wp-json\/wp\/v2\/media?parent=17543"}],"wp:term":[{"taxonomy":"product_cat","embeddable":true,"href":"https:\/\/shop.larus.ch\/fr\/wp-json\/wp\/v2\/product_cat?post=17543"},{"taxonomy":"product_tag","embeddable":true,"href":"https:\/\/shop.larus.ch\/fr\/wp-json\/wp\/v2\/product_tag?post=17543"}],"curies":[{"name":"wp","href":"https:\/\/api.w.org\/{rel}","templated":true}]}}