{"id":17538,"date":"2017-09-13T15:42:02","date_gmt":"2017-09-13T13:42:02","guid":{"rendered":"http:\/\/shop.larus.ch.rubin.metanet.ch\/product\/placard-leif\/"},"modified":"2026-04-19T03:00:06","modified_gmt":"2026-04-19T01:00:06","slug":"placard-leif","status":"publish","type":"product","link":"https:\/\/shop.larus.ch\/fr\/product\/placard-leif\/","title":{"rendered":"Placard Ida"},"content":{"rendered":"<p>Placard Ida<br \/>\u00e9l\u00e9ments de paroi pr\u00e9fabriqu\u00e9s, sans panneau arri\u00e8re, \u00e9paisseur des parois 16mm, double porte 104x160cm,<br \/>sans carton bitum\u00e9,<br \/>kit complet<\/p>\n","protected":false},"excerpt":{"rendered":"<p>Placard Ida<br \/>\u00e9l\u00e9ments de paroi pr\u00e9fabriqu\u00e9s, sans panneau arri\u00e8re, \u00e9paisseur des parois 16mm, double porte 104x160cm,<br \/>sans carton bitum\u00e9,<br \/>kit complet<\/p>\n","protected":false},"featured_media":326540,"template":"","meta":[],"product_cat":[59475],"product_tag":[],"_links":{"self":[{"href":"https:\/\/shop.larus.ch\/fr\/wp-json\/wp\/v2\/product\/17538"}],"collection":[{"href":"https:\/\/shop.larus.ch\/fr\/wp-json\/wp\/v2\/product"}],"about":[{"href":"https:\/\/shop.larus.ch\/fr\/wp-json\/wp\/v2\/types\/product"}],"wp:featuredmedia":[{"embeddable":true,"href":"https:\/\/shop.larus.ch\/fr\/wp-json\/wp\/v2\/media\/326540"}],"wp:attachment":[{"href":"https:\/\/shop.larus.ch\/fr\/wp-json\/wp\/v2\/media?parent=17538"}],"wp:term":[{"taxonomy":"product_cat","embeddable":true,"href":"https:\/\/shop.larus.ch\/fr\/wp-json\/wp\/v2\/product_cat?post=17538"},{"taxonomy":"product_tag","embeddable":true,"href":"https:\/\/shop.larus.ch\/fr\/wp-json\/wp\/v2\/product_tag?post=17538"}],"curies":[{"name":"wp","href":"https:\/\/api.w.org\/{rel}","templated":true}]}}