{"id":17526,"date":"2017-09-05T14:34:31","date_gmt":"2017-09-05T12:34:31","guid":{"rendered":"http:\/\/shop.larus.ch.rubin.metanet.ch\/product\/maison-en-bl-de-mad-vivian-3-8-m2\/"},"modified":"2026-04-19T03:01:14","modified_gmt":"2026-04-19T01:01:14","slug":"maison-en-bl-de-mad-vivian-3-8-m2","status":"publish","type":"product","link":"https:\/\/shop.larus.ch\/fr\/product\/maison-en-bl-de-mad-vivian-3-8-m2\/","title":{"rendered":"Maison en bl.de mad. Flip 1"},"content":{"rendered":"<p>Maison en bloc de madriers Flip 1, \u00e9pic\u00e9a massif, non tra\u00eet\u00e9, madriers 28 mm, planches de fond et de toit 19 mm, porte avec vitre 74 x 175 cm auvent 30 cm, sans carton bitum\u00e9<\/p>\n","protected":false},"excerpt":{"rendered":"<p>Maison en bloc de madriers Flip 1, \u00e9pic\u00e9a massif, non tra\u00eet\u00e9, madriers 28 mm, planches de fond et de toit 19 mm, porte avec vitre 74 x 175 cm auvent 30 cm, sans carton bitum\u00e9<\/p>\n","protected":false},"featured_media":324089,"template":"","meta":[],"product_cat":[59469],"product_tag":[],"_links":{"self":[{"href":"https:\/\/shop.larus.ch\/fr\/wp-json\/wp\/v2\/product\/17526"}],"collection":[{"href":"https:\/\/shop.larus.ch\/fr\/wp-json\/wp\/v2\/product"}],"about":[{"href":"https:\/\/shop.larus.ch\/fr\/wp-json\/wp\/v2\/types\/product"}],"wp:featuredmedia":[{"embeddable":true,"href":"https:\/\/shop.larus.ch\/fr\/wp-json\/wp\/v2\/media\/324089"}],"wp:attachment":[{"href":"https:\/\/shop.larus.ch\/fr\/wp-json\/wp\/v2\/media?parent=17526"}],"wp:term":[{"taxonomy":"product_cat","embeddable":true,"href":"https:\/\/shop.larus.ch\/fr\/wp-json\/wp\/v2\/product_cat?post=17526"},{"taxonomy":"product_tag","embeddable":true,"href":"https:\/\/shop.larus.ch\/fr\/wp-json\/wp\/v2\/product_tag?post=17526"}],"curies":[{"name":"wp","href":"https:\/\/api.w.org\/{rel}","templated":true}]}}