{"id":17515,"date":"2017-09-05T14:34:28","date_gmt":"2017-09-05T12:34:28","guid":{"rendered":"http:\/\/shop.larus.ch.rubin.metanet.ch\/product\/banc-prt-monter\/"},"modified":"2026-04-19T03:11:09","modified_gmt":"2026-04-19T01:11:09","slug":"banc-prt-monter-3","status":"publish","type":"product","link":"https:\/\/shop.larus.ch\/fr\/product\/banc-prt-monter-3\/","title":{"rendered":"Banc pr\u00eat \u00e0 monter"},"content":{"rendered":"<p>Banc, pr\u00eat \u00e0 monter, lattes en bois rabot\u00e9es, impr\u00e9gn\u00e9 verd\u00e2tre, banc \u00e9l\u00e9gant, arqu\u00e9, construction en acier galvanis\u00e9 \u00e0 chaud<\/p>\n","protected":false},"excerpt":{"rendered":"<p>Banc, pr\u00eat \u00e0 monter, lattes en bois rabot\u00e9es, impr\u00e9gn\u00e9 verd\u00e2tre, banc \u00e9l\u00e9gant, arqu\u00e9, construction en acier galvanis\u00e9 \u00e0 chaud<\/p>\n","protected":false},"featured_media":323441,"template":"","meta":[],"product_cat":[59465],"product_tag":[],"_links":{"self":[{"href":"https:\/\/shop.larus.ch\/fr\/wp-json\/wp\/v2\/product\/17515"}],"collection":[{"href":"https:\/\/shop.larus.ch\/fr\/wp-json\/wp\/v2\/product"}],"about":[{"href":"https:\/\/shop.larus.ch\/fr\/wp-json\/wp\/v2\/types\/product"}],"wp:featuredmedia":[{"embeddable":true,"href":"https:\/\/shop.larus.ch\/fr\/wp-json\/wp\/v2\/media\/323441"}],"wp:attachment":[{"href":"https:\/\/shop.larus.ch\/fr\/wp-json\/wp\/v2\/media?parent=17515"}],"wp:term":[{"taxonomy":"product_cat","embeddable":true,"href":"https:\/\/shop.larus.ch\/fr\/wp-json\/wp\/v2\/product_cat?post=17515"},{"taxonomy":"product_tag","embeddable":true,"href":"https:\/\/shop.larus.ch\/fr\/wp-json\/wp\/v2\/product_tag?post=17515"}],"curies":[{"name":"wp","href":"https:\/\/api.w.org\/{rel}","templated":true}]}}