{"id":17510,"date":"2017-09-05T14:34:27","date_gmt":"2017-09-05T12:34:27","guid":{"rendered":"http:\/\/shop.larus.ch.rubin.metanet.ch\/product\/salon-de-jardin-table\/"},"modified":"2026-04-19T03:06:56","modified_gmt":"2026-04-19T01:06:56","slug":"salon-de-jardin-table-3","status":"publish","type":"product","link":"https:\/\/shop.larus.ch\/fr\/product\/salon-de-jardin-table-3\/","title":{"rendered":"Salon de jardin table"},"content":{"rendered":"<p>Salon de jardin Sirmione table<br \/>m\u00e9l\u00e8ze naturel, non trait\u00e9, kit de montage<\/p>\n","protected":false},"excerpt":{"rendered":"<p>Salon de jardin Sirmione table<br \/>m\u00e9l\u00e8ze naturel, non trait\u00e9, kit de montage<\/p>\n","protected":false},"featured_media":323195,"template":"","meta":[],"product_cat":[59461],"product_tag":[],"_links":{"self":[{"href":"https:\/\/shop.larus.ch\/fr\/wp-json\/wp\/v2\/product\/17510"}],"collection":[{"href":"https:\/\/shop.larus.ch\/fr\/wp-json\/wp\/v2\/product"}],"about":[{"href":"https:\/\/shop.larus.ch\/fr\/wp-json\/wp\/v2\/types\/product"}],"wp:featuredmedia":[{"embeddable":true,"href":"https:\/\/shop.larus.ch\/fr\/wp-json\/wp\/v2\/media\/323195"}],"wp:attachment":[{"href":"https:\/\/shop.larus.ch\/fr\/wp-json\/wp\/v2\/media?parent=17510"}],"wp:term":[{"taxonomy":"product_cat","embeddable":true,"href":"https:\/\/shop.larus.ch\/fr\/wp-json\/wp\/v2\/product_cat?post=17510"},{"taxonomy":"product_tag","embeddable":true,"href":"https:\/\/shop.larus.ch\/fr\/wp-json\/wp\/v2\/product_tag?post=17510"}],"curies":[{"name":"wp","href":"https:\/\/api.w.org\/{rel}","templated":true}]}}