{"id":17495,"date":"2017-09-05T14:34:23","date_gmt":"2017-09-05T12:34:23","guid":{"rendered":"http:\/\/shop.larus.ch.rubin.metanet.ch\/product\/meubles-de-jardin-verdtre\/"},"modified":"2026-04-19T03:01:20","modified_gmt":"2026-04-19T01:01:20","slug":"meubles-de-jardin-verdtre","status":"publish","type":"product","link":"https:\/\/shop.larus.ch\/fr\/product\/meubles-de-jardin-verdtre\/","title":{"rendered":"Meubles de jardin verd\u00e2tre"},"content":{"rendered":"<p>Mobilier de jardin en bois demi-rond<br \/>impr\u00e9gn\u00e9 verd\u00e2tre<br \/>env. 75 cm large, hauteur du table env. 75 cm<\/p>\n","protected":false},"excerpt":{"rendered":"<p>Mobilier de jardin en bois demi-rond<br \/>impr\u00e9gn\u00e9 verd\u00e2tre<br \/>env. 75 cm large, hauteur du table env. 75 cm<\/p>\n","protected":false},"featured_media":324468,"template":"","meta":[],"product_cat":[59455],"product_tag":[],"_links":{"self":[{"href":"https:\/\/shop.larus.ch\/fr\/wp-json\/wp\/v2\/product\/17495"}],"collection":[{"href":"https:\/\/shop.larus.ch\/fr\/wp-json\/wp\/v2\/product"}],"about":[{"href":"https:\/\/shop.larus.ch\/fr\/wp-json\/wp\/v2\/types\/product"}],"wp:featuredmedia":[{"embeddable":true,"href":"https:\/\/shop.larus.ch\/fr\/wp-json\/wp\/v2\/media\/324468"}],"wp:attachment":[{"href":"https:\/\/shop.larus.ch\/fr\/wp-json\/wp\/v2\/media?parent=17495"}],"wp:term":[{"taxonomy":"product_cat","embeddable":true,"href":"https:\/\/shop.larus.ch\/fr\/wp-json\/wp\/v2\/product_cat?post=17495"},{"taxonomy":"product_tag","embeddable":true,"href":"https:\/\/shop.larus.ch\/fr\/wp-json\/wp\/v2\/product_tag?post=17495"}],"curies":[{"name":"wp","href":"https:\/\/api.w.org\/{rel}","templated":true}]}}