{"id":17494,"date":"2017-09-05T14:34:22","date_gmt":"2017-09-05T12:34:22","guid":{"rendered":"http:\/\/shop.larus.ch.rubin.metanet.ch\/product\/meubles-de-jardin-dossier-verdtre\/"},"modified":"2026-04-19T03:15:04","modified_gmt":"2026-04-19T01:15:04","slug":"meubles-de-jardin-dossier-verdtre","status":"publish","type":"product","link":"https:\/\/shop.larus.ch\/fr\/product\/meubles-de-jardin-dossier-verdtre\/","title":{"rendered":"Meubles de jardin dossier verd\u00e2tre"},"content":{"rendered":"<p>Mobilier de jardin en bois demi-rond<br \/>impr\u00e9gn\u00e9 verd\u00e2tre<br \/>dossier: env. 200 x 18 cm, env. 85 cm de haut<br \/>si\u00e8ge: env. 35 cm de large, env. 42 cm de haut<\/p>\n","protected":false},"excerpt":{"rendered":"<p>Mobilier de jardin en bois demi-rond<br \/>impr\u00e9gn\u00e9 verd\u00e2tre<br \/>dossier: env. 200 x 18 cm, env. 85 cm de haut<br \/>si\u00e8ge: env. 35 cm de large, env. 42 cm de haut<\/p>\n","protected":false},"featured_media":325600,"template":"","meta":[],"product_cat":[59455],"product_tag":[],"_links":{"self":[{"href":"https:\/\/shop.larus.ch\/fr\/wp-json\/wp\/v2\/product\/17494"}],"collection":[{"href":"https:\/\/shop.larus.ch\/fr\/wp-json\/wp\/v2\/product"}],"about":[{"href":"https:\/\/shop.larus.ch\/fr\/wp-json\/wp\/v2\/types\/product"}],"wp:featuredmedia":[{"embeddable":true,"href":"https:\/\/shop.larus.ch\/fr\/wp-json\/wp\/v2\/media\/325600"}],"wp:attachment":[{"href":"https:\/\/shop.larus.ch\/fr\/wp-json\/wp\/v2\/media?parent=17494"}],"wp:term":[{"taxonomy":"product_cat","embeddable":true,"href":"https:\/\/shop.larus.ch\/fr\/wp-json\/wp\/v2\/product_cat?post=17494"},{"taxonomy":"product_tag","embeddable":true,"href":"https:\/\/shop.larus.ch\/fr\/wp-json\/wp\/v2\/product_tag?post=17494"}],"curies":[{"name":"wp","href":"https:\/\/api.w.org\/{rel}","templated":true}]}}