{"id":17493,"date":"2017-09-05T14:34:22","date_gmt":"2017-09-05T12:34:22","guid":{"rendered":"http:\/\/shop.larus.ch.rubin.metanet.ch\/product\/meubles-de-jardin-s-dossier\/"},"modified":"2026-04-19T03:00:13","modified_gmt":"2026-04-19T01:00:13","slug":"meubles-de-jardin-s-dossier-2","status":"publish","type":"product","link":"https:\/\/shop.larus.ch\/fr\/product\/meubles-de-jardin-s-dossier-2\/","title":{"rendered":"Meubles de jardin s.dossier"},"content":{"rendered":"<p>Mobilier de jardin en bois demi-rond<br \/>impr\u00e9gn\u00e9 verd\u00e2tre<br \/>si\u00e8ge: env. 35 cm de large, env. 42 cm de haut<br \/>sans dos<\/p>\n","protected":false},"excerpt":{"rendered":"<p>Mobilier de jardin en bois demi-rond<br \/>impr\u00e9gn\u00e9 verd\u00e2tre<br \/>si\u00e8ge: env. 35 cm de large, env. 42 cm de haut<br \/>sans dos<\/p>\n","protected":false},"featured_media":324182,"template":"","meta":[],"product_cat":[59455],"product_tag":[],"_links":{"self":[{"href":"https:\/\/shop.larus.ch\/fr\/wp-json\/wp\/v2\/product\/17493"}],"collection":[{"href":"https:\/\/shop.larus.ch\/fr\/wp-json\/wp\/v2\/product"}],"about":[{"href":"https:\/\/shop.larus.ch\/fr\/wp-json\/wp\/v2\/types\/product"}],"wp:featuredmedia":[{"embeddable":true,"href":"https:\/\/shop.larus.ch\/fr\/wp-json\/wp\/v2\/media\/324182"}],"wp:attachment":[{"href":"https:\/\/shop.larus.ch\/fr\/wp-json\/wp\/v2\/media?parent=17493"}],"wp:term":[{"taxonomy":"product_cat","embeddable":true,"href":"https:\/\/shop.larus.ch\/fr\/wp-json\/wp\/v2\/product_cat?post=17493"},{"taxonomy":"product_tag","embeddable":true,"href":"https:\/\/shop.larus.ch\/fr\/wp-json\/wp\/v2\/product_tag?post=17493"}],"curies":[{"name":"wp","href":"https:\/\/api.w.org\/{rel}","templated":true}]}}