{"id":17492,"date":"2017-09-05T14:34:22","date_gmt":"2017-09-05T12:34:22","guid":{"rendered":"http:\/\/shop.larus.ch.rubin.metanet.ch\/product\/balanoire-hollywood\/"},"modified":"2026-04-19T03:15:50","modified_gmt":"2026-04-19T01:15:50","slug":"balanoire-hollywood","status":"publish","type":"product","link":"https:\/\/shop.larus.ch\/fr\/product\/balanoire-hollywood\/","title":{"rendered":"Balan\u00e7oire Hollywood"},"content":{"rendered":"<p>Balan\u00e7oire<br \/>pilier solide 7.0 x 7.0 x 209.5 cm,<br \/>poutre  4.4 x 12 x 188 cm,<br \/>impr\u00e9gn\u00e9 verd\u00e2tre,<\/p>\n","protected":false},"excerpt":{"rendered":"<p>Balan\u00e7oire<br \/>pilier solide 7.0 x 7.0 x 209.5 cm,<br \/>poutre  4.4 x 12 x 188 cm,<br \/>impr\u00e9gn\u00e9 verd\u00e2tre,<\/p>\n","protected":false},"featured_media":326810,"template":"","meta":[],"product_cat":[59453],"product_tag":[],"_links":{"self":[{"href":"https:\/\/shop.larus.ch\/fr\/wp-json\/wp\/v2\/product\/17492"}],"collection":[{"href":"https:\/\/shop.larus.ch\/fr\/wp-json\/wp\/v2\/product"}],"about":[{"href":"https:\/\/shop.larus.ch\/fr\/wp-json\/wp\/v2\/types\/product"}],"wp:featuredmedia":[{"embeddable":true,"href":"https:\/\/shop.larus.ch\/fr\/wp-json\/wp\/v2\/media\/326810"}],"wp:attachment":[{"href":"https:\/\/shop.larus.ch\/fr\/wp-json\/wp\/v2\/media?parent=17492"}],"wp:term":[{"taxonomy":"product_cat","embeddable":true,"href":"https:\/\/shop.larus.ch\/fr\/wp-json\/wp\/v2\/product_cat?post=17492"},{"taxonomy":"product_tag","embeddable":true,"href":"https:\/\/shop.larus.ch\/fr\/wp-json\/wp\/v2\/product_tag?post=17492"}],"curies":[{"name":"wp","href":"https:\/\/api.w.org\/{rel}","templated":true}]}}