{"id":17491,"date":"2017-09-05T14:34:21","date_gmt":"2017-09-05T12:34:21","guid":{"rendered":"http:\/\/shop.larus.ch.rubin.metanet.ch\/product\/tamis-gravier\/"},"modified":"2026-04-19T03:15:06","modified_gmt":"2026-04-19T01:15:06","slug":"tamis-gravier","status":"publish","type":"product","link":"https:\/\/shop.larus.ch\/fr\/product\/tamis-gravier\/","title":{"rendered":"Tamis \u00e0 gravier"},"content":{"rendered":"<p>Tamis \u00e0 gravier, galvanis\u00e9<\/p>\n","protected":false},"excerpt":{"rendered":"<p>Tamis \u00e0 gravier, galvanis\u00e9<\/p>\n","protected":false},"featured_media":323603,"template":"","meta":[],"product_cat":[59449],"product_tag":[],"_links":{"self":[{"href":"https:\/\/shop.larus.ch\/fr\/wp-json\/wp\/v2\/product\/17491"}],"collection":[{"href":"https:\/\/shop.larus.ch\/fr\/wp-json\/wp\/v2\/product"}],"about":[{"href":"https:\/\/shop.larus.ch\/fr\/wp-json\/wp\/v2\/types\/product"}],"wp:featuredmedia":[{"embeddable":true,"href":"https:\/\/shop.larus.ch\/fr\/wp-json\/wp\/v2\/media\/323603"}],"wp:attachment":[{"href":"https:\/\/shop.larus.ch\/fr\/wp-json\/wp\/v2\/media?parent=17491"}],"wp:term":[{"taxonomy":"product_cat","embeddable":true,"href":"https:\/\/shop.larus.ch\/fr\/wp-json\/wp\/v2\/product_cat?post=17491"},{"taxonomy":"product_tag","embeddable":true,"href":"https:\/\/shop.larus.ch\/fr\/wp-json\/wp\/v2\/product_tag?post=17491"}],"curies":[{"name":"wp","href":"https:\/\/api.w.org\/{rel}","templated":true}]}}