{"id":17490,"date":"2017-09-05T14:34:21","date_gmt":"2017-09-05T12:34:21","guid":{"rendered":"http:\/\/shop.larus.ch.rubin.metanet.ch\/product\/silo-compost-en-mtal-dploy\/"},"modified":"2026-04-19T03:16:08","modified_gmt":"2026-04-19T01:16:08","slug":"silo-compost-en-mtal-dploy","status":"publish","type":"product","link":"https:\/\/shop.larus.ch\/fr\/product\/silo-compost-en-mtal-dploy\/","title":{"rendered":"Silo \u00e0 compost en m\u00e9tal d\u00e9ploy\u00e9"},"content":{"rendered":"<p>Silo \u00e0 compost en m\u00e9tal d\u00e9ploy\u00e9<br \/>galvanis\u00e9, de 4 pi\u00e8ces<\/p>\n","protected":false},"excerpt":{"rendered":"<p>Silo \u00e0 compost en m\u00e9tal d\u00e9ploy\u00e9<br \/>galvanis\u00e9, de 4 pi\u00e8ces<\/p>\n","protected":false},"featured_media":325854,"template":"","meta":[],"product_cat":[59449],"product_tag":[],"_links":{"self":[{"href":"https:\/\/shop.larus.ch\/fr\/wp-json\/wp\/v2\/product\/17490"}],"collection":[{"href":"https:\/\/shop.larus.ch\/fr\/wp-json\/wp\/v2\/product"}],"about":[{"href":"https:\/\/shop.larus.ch\/fr\/wp-json\/wp\/v2\/types\/product"}],"wp:featuredmedia":[{"embeddable":true,"href":"https:\/\/shop.larus.ch\/fr\/wp-json\/wp\/v2\/media\/325854"}],"wp:attachment":[{"href":"https:\/\/shop.larus.ch\/fr\/wp-json\/wp\/v2\/media?parent=17490"}],"wp:term":[{"taxonomy":"product_cat","embeddable":true,"href":"https:\/\/shop.larus.ch\/fr\/wp-json\/wp\/v2\/product_cat?post=17490"},{"taxonomy":"product_tag","embeddable":true,"href":"https:\/\/shop.larus.ch\/fr\/wp-json\/wp\/v2\/product_tag?post=17490"}],"curies":[{"name":"wp","href":"https:\/\/api.w.org\/{rel}","templated":true}]}}