{"id":17487,"date":"2017-09-05T14:34:20","date_gmt":"2017-09-05T12:34:20","guid":{"rendered":"http:\/\/shop.larus.ch.rubin.metanet.ch\/product\/extension-du-composteur\/"},"modified":"2026-04-19T03:16:12","modified_gmt":"2026-04-19T01:16:12","slug":"extension-du-composteur","status":"publish","type":"product","link":"https:\/\/shop.larus.ch\/fr\/product\/extension-du-composteur\/","title":{"rendered":"Extension du composteur"},"content":{"rendered":"<p>Extension du composteur, en \u00e9pic\u00e9a impr\u00e9gn\u00e9 brun, 4 pot. carr\u00e9 9x9x100cm, recto-verso incl. rainure de d\u00e9coupe pour les planches \u00e0 d\u00e9couper, 16 planches 2x10x98cm, 9 planches de s\u00e9p., 2 bord de protection, 4 vis, 4 support m\u00e9t. incl. vis<\/p>\n","protected":false},"excerpt":{"rendered":"<p>Extension du composteur, en \u00e9pic\u00e9a impr\u00e9gn\u00e9 brun, 4 pot. carr\u00e9 9x9x100cm, recto-verso incl. rainure de d\u00e9coupe pour les planches \u00e0 d\u00e9couper, 16 planches 2x10x98cm, 9 planches de s\u00e9p., 2 bord de protection, 4 vis, 4 support m\u00e9t. incl. vis<\/p>\n","protected":false},"featured_media":325870,"template":"","meta":[],"product_cat":[59443],"product_tag":[],"_links":{"self":[{"href":"https:\/\/shop.larus.ch\/fr\/wp-json\/wp\/v2\/product\/17487"}],"collection":[{"href":"https:\/\/shop.larus.ch\/fr\/wp-json\/wp\/v2\/product"}],"about":[{"href":"https:\/\/shop.larus.ch\/fr\/wp-json\/wp\/v2\/types\/product"}],"wp:featuredmedia":[{"embeddable":true,"href":"https:\/\/shop.larus.ch\/fr\/wp-json\/wp\/v2\/media\/325870"}],"wp:attachment":[{"href":"https:\/\/shop.larus.ch\/fr\/wp-json\/wp\/v2\/media?parent=17487"}],"wp:term":[{"taxonomy":"product_cat","embeddable":true,"href":"https:\/\/shop.larus.ch\/fr\/wp-json\/wp\/v2\/product_cat?post=17487"},{"taxonomy":"product_tag","embeddable":true,"href":"https:\/\/shop.larus.ch\/fr\/wp-json\/wp\/v2\/product_tag?post=17487"}],"curies":[{"name":"wp","href":"https:\/\/api.w.org\/{rel}","templated":true}]}}