{"id":17486,"date":"2017-09-05T14:34:20","date_gmt":"2017-09-05T12:34:20","guid":{"rendered":"http:\/\/shop.larus.ch.rubin.metanet.ch\/product\/extension-du-composteur\/"},"modified":"2026-04-19T03:05:52","modified_gmt":"2026-04-19T01:05:52","slug":"extension-du-composteur-2","status":"publish","type":"product","link":"https:\/\/shop.larus.ch\/fr\/product\/extension-du-composteur-2\/","title":{"rendered":"Extension du composteur"},"content":{"rendered":"<p>Extension du composteur, en m\u00e9l\u00e8ze naturel, sans aubier, 4 pot. carr\u00e9 9x9x100cm, recto-verso incl. rainure de d\u00e9coupe pour les planches \u00e0 d\u00e9couper, 16 planches 2x10x98cm, 9 planches de s\u00e9p., 2 bord de protection, 4 vis, 4 support m\u00e9t. incl. vis<\/p>\n","protected":false},"excerpt":{"rendered":"<p>Extension du composteur, en m\u00e9l\u00e8ze naturel, sans aubier, 4 pot. carr\u00e9 9x9x100cm, recto-verso incl. rainure de d\u00e9coupe pour les planches \u00e0 d\u00e9couper, 16 planches 2x10x98cm, 9 planches de s\u00e9p., 2 bord de protection, 4 vis, 4 support m\u00e9t. incl. vis<\/p>\n","protected":false},"featured_media":324878,"template":"","meta":[],"product_cat":[59443],"product_tag":[],"_links":{"self":[{"href":"https:\/\/shop.larus.ch\/fr\/wp-json\/wp\/v2\/product\/17486"}],"collection":[{"href":"https:\/\/shop.larus.ch\/fr\/wp-json\/wp\/v2\/product"}],"about":[{"href":"https:\/\/shop.larus.ch\/fr\/wp-json\/wp\/v2\/types\/product"}],"wp:featuredmedia":[{"embeddable":true,"href":"https:\/\/shop.larus.ch\/fr\/wp-json\/wp\/v2\/media\/324878"}],"wp:attachment":[{"href":"https:\/\/shop.larus.ch\/fr\/wp-json\/wp\/v2\/media?parent=17486"}],"wp:term":[{"taxonomy":"product_cat","embeddable":true,"href":"https:\/\/shop.larus.ch\/fr\/wp-json\/wp\/v2\/product_cat?post=17486"},{"taxonomy":"product_tag","embeddable":true,"href":"https:\/\/shop.larus.ch\/fr\/wp-json\/wp\/v2\/product_tag?post=17486"}],"curies":[{"name":"wp","href":"https:\/\/api.w.org\/{rel}","templated":true}]}}