{"id":17485,"date":"2017-09-05T14:34:19","date_gmt":"2017-09-05T12:34:19","guid":{"rendered":"http:\/\/shop.larus.ch.rubin.metanet.ch\/product\/composteur-stable\/"},"modified":"2026-04-19T03:05:38","modified_gmt":"2026-04-19T01:05:38","slug":"composteur-stable","status":"publish","type":"product","link":"https:\/\/shop.larus.ch\/fr\/product\/composteur-stable\/","title":{"rendered":"Composteur stable"},"content":{"rendered":"<p>Composteur stable en \u00e9pic\u00e9a, impr\u00e9gn\u00e9 brun, se compos\u00e9 de 4 poteaux de 9x9x100cm avec des d\u00e9coupes, 32 planches de 2x10x98cm, 4 bord de protection, incl. 4 vis en acier inoxydable, 4 support m\u00e9talliques incl. anneau de vis \u00e0 bois<\/p>\n","protected":false},"excerpt":{"rendered":"<p>Composteur stable en \u00e9pic\u00e9a, impr\u00e9gn\u00e9 brun, se compos\u00e9 de 4 poteaux de 9x9x100cm avec des d\u00e9coupes, 32 planches de 2x10x98cm, 4 bord de protection, incl. 4 vis en acier inoxydable, 4 support m\u00e9talliques incl. anneau de vis \u00e0 bois<\/p>\n","protected":false},"featured_media":324834,"template":"","meta":[],"product_cat":[59443],"product_tag":[],"_links":{"self":[{"href":"https:\/\/shop.larus.ch\/fr\/wp-json\/wp\/v2\/product\/17485"}],"collection":[{"href":"https:\/\/shop.larus.ch\/fr\/wp-json\/wp\/v2\/product"}],"about":[{"href":"https:\/\/shop.larus.ch\/fr\/wp-json\/wp\/v2\/types\/product"}],"wp:featuredmedia":[{"embeddable":true,"href":"https:\/\/shop.larus.ch\/fr\/wp-json\/wp\/v2\/media\/324834"}],"wp:attachment":[{"href":"https:\/\/shop.larus.ch\/fr\/wp-json\/wp\/v2\/media?parent=17485"}],"wp:term":[{"taxonomy":"product_cat","embeddable":true,"href":"https:\/\/shop.larus.ch\/fr\/wp-json\/wp\/v2\/product_cat?post=17485"},{"taxonomy":"product_tag","embeddable":true,"href":"https:\/\/shop.larus.ch\/fr\/wp-json\/wp\/v2\/product_tag?post=17485"}],"curies":[{"name":"wp","href":"https:\/\/api.w.org\/{rel}","templated":true}]}}